{"id":117,"date":"2024-02-01T13:31:16","date_gmt":"2024-02-01T13:31:16","guid":{"rendered":"https:\/\/actil.se\/?post_type=product&#038;p=117"},"modified":"2024-03-26T12:40:06","modified_gmt":"2024-03-26T12:40:06","slug":"rulltruck","status":"publish","type":"product","link":"https:\/\/actil.se\/en\/product\/rulltruck\/","title":{"rendered":"Rulltruck"},"content":{"rendered":"<p>The paper industries and companies that handle cable reels etc. are a large customer group for Actil. We have many different concepts depending on what it is to be handled\/moved and how it is to be handled\/moved.<\/p>\n<p>The trucks for handling reels of up to 13 metric tonnes are available for standing and seated drivers. In this case, we always adapt the trucks to the customer's specific requirements to obtain the optimum handling.<\/p>","protected":false},"excerpt":{"rendered":"<p>Pappersindustrier och f\u00f6retag som hanterar kabeltrummor etc \u00e4r en stor kundgrupp f\u00f6r Actil. Vi har m\u00e5nga olika koncept beroende p\u00e5 [&hellip;]<\/p>\n","protected":false},"featured_media":100,"comment_status":"open","ping_status":"closed","template":"","meta":[],"product_brand":[],"product_cat":[23],"product_tag":[],"class_list":{"0":"post-117","1":"product","2":"type-product","3":"status-publish","4":"has-post-thumbnail","6":"product_cat-specialtruckar","8":"first","9":"instock","10":"shipping-taxable","11":"product-type-simple"},"acf":[],"_links":{"self":[{"href":"https:\/\/actil.se\/en\/wp-json\/wp\/v2\/product\/117","targetHints":{"allow":["GET"]}}],"collection":[{"href":"https:\/\/actil.se\/en\/wp-json\/wp\/v2\/product"}],"about":[{"href":"https:\/\/actil.se\/en\/wp-json\/wp\/v2\/types\/product"}],"replies":[{"embeddable":true,"href":"https:\/\/actil.se\/en\/wp-json\/wp\/v2\/comments?post=117"}],"wp:featuredmedia":[{"embeddable":true,"href":"https:\/\/actil.se\/en\/wp-json\/wp\/v2\/media\/100"}],"wp:attachment":[{"href":"https:\/\/actil.se\/en\/wp-json\/wp\/v2\/media?parent=117"}],"wp:term":[{"taxonomy":"product_brand","embeddable":true,"href":"https:\/\/actil.se\/en\/wp-json\/wp\/v2\/product_brand?post=117"},{"taxonomy":"product_cat","embeddable":true,"href":"https:\/\/actil.se\/en\/wp-json\/wp\/v2\/product_cat?post=117"},{"taxonomy":"product_tag","embeddable":true,"href":"https:\/\/actil.se\/en\/wp-json\/wp\/v2\/product_tag?post=117"}],"curies":[{"name":"wp","href":"https:\/\/api.w.org\/{rel}","templated":true}]}}