{"id":116,"date":"2024-02-01T13:30:32","date_gmt":"2024-02-01T13:30:32","guid":{"rendered":"https:\/\/actil.se\/?post_type=product&#038;p=116"},"modified":"2024-03-26T12:41:05","modified_gmt":"2024-03-26T12:41:05","slug":"plattformstruck","status":"publish","type":"product","link":"https:\/\/actil.se\/en\/product\/plattformstruck\/","title":{"rendered":"Platform truck"},"content":{"rendered":"<p>Platform trucks are used for all imaginable applications. In this case, we customise the truck based exactly on whatever is to be handled.<br \/>\nThe trucks are available for standing and seated drivers and can handle loads all the way up to 20 metric tonnes.<\/p>","protected":false},"excerpt":{"rendered":"<p>Plattformstruckar anv\u00e4nds f\u00f6r alla m\u00f6jliga applikationer. H\u00e4r skr\u00e4ddarsyr vi trucken exakt efter vad som ska hanteras. \u200bTruckarna finns f\u00f6r st\u00e5ende [&hellip;]<\/p>\n","protected":false},"featured_media":98,"comment_status":"open","ping_status":"closed","template":"","meta":[],"product_brand":[],"product_cat":[23],"product_tag":[],"class_list":{"0":"post-116","1":"product","2":"type-product","3":"status-publish","4":"has-post-thumbnail","6":"product_cat-specialtruckar","8":"first","9":"instock","10":"shipping-taxable","11":"product-type-simple"},"acf":[],"_links":{"self":[{"href":"https:\/\/actil.se\/en\/wp-json\/wp\/v2\/product\/116","targetHints":{"allow":["GET"]}}],"collection":[{"href":"https:\/\/actil.se\/en\/wp-json\/wp\/v2\/product"}],"about":[{"href":"https:\/\/actil.se\/en\/wp-json\/wp\/v2\/types\/product"}],"replies":[{"embeddable":true,"href":"https:\/\/actil.se\/en\/wp-json\/wp\/v2\/comments?post=116"}],"wp:featuredmedia":[{"embeddable":true,"href":"https:\/\/actil.se\/en\/wp-json\/wp\/v2\/media\/98"}],"wp:attachment":[{"href":"https:\/\/actil.se\/en\/wp-json\/wp\/v2\/media?parent=116"}],"wp:term":[{"taxonomy":"product_brand","embeddable":true,"href":"https:\/\/actil.se\/en\/wp-json\/wp\/v2\/product_brand?post=116"},{"taxonomy":"product_cat","embeddable":true,"href":"https:\/\/actil.se\/en\/wp-json\/wp\/v2\/product_cat?post=116"},{"taxonomy":"product_tag","embeddable":true,"href":"https:\/\/actil.se\/en\/wp-json\/wp\/v2\/product_tag?post=116"}],"curies":[{"name":"wp","href":"https:\/\/api.w.org\/{rel}","templated":true}]}}