{"id":65,"date":"2024-02-01T06:40:12","date_gmt":"2024-02-01T06:40:12","guid":{"rendered":"https:\/\/actil.se\/?page_id=65"},"modified":"2025-11-12T06:31:03","modified_gmt":"2025-11-12T06:31:03","slug":"reservdelar","status":"publish","type":"page","link":"https:\/\/actil.se\/en\/reservdelar\/","title":{"rendered":"Spares\/Service"},"content":{"rendered":"<div class=\"wpb-content-wrapper\"><div data-parent=\"true\" class=\"vc_row has-bg need-focus style-color-lxmt-bg row-container\" id=\"row-unique-0\"><div class=\"row triple-top-padding triple-bottom-padding single-h-padding limit-width row-parent\"><div class=\"wpb_row row-inner\"><div class=\"wpb_column pos-middle pos-center align_left column_parent col-lg-6 single-internal-gutter\"><div class=\"uncol style-light\"  ><div class=\"uncoltable\"><div class=\"uncell  vc_custom_1707462130829 no-block-padding\" style=\"padding-right: 5% ;padding-left: 5% ;\" ><div class=\"uncont\" ><div class=\"vc_custom_heading_wrap\"><div class=\"heading-text el-text\" ><h2 class=\"h1\" ><span>With <span style=\"color: #c71f2a;\">the customer<\/span> in focus<\/span><\/h2><\/div><div class=\"clear\"><\/div><\/div><div class=\"uncode_text_column vc_custom_1762929060534\"  style=\"margin-top: 10px ;\"><p>Considering that our customers are in focus, a functioning customer support is a high priority. No question is too small or too big, whether it is about service intervals, speed adjustment or if spare parts are needed. We guarantee\u00a0quick service which reduces the downtime cost\u00a0for you.<\/p>\n<p>Dan Peterson, Spare Parts Manager<br \/>\nPhone:\u00a0<a href=\"tel:+46706546700\">+46 (0)70 654 67 00<\/a><br \/>\nE-mail:\u00a0<a href=\"mailto:dan@actil.se\">spareparts@actil.se<\/a><\/p>\n<p>Telephone hours:<br \/>\nMon-thurs: 07:00 \u2013 16:00<br \/>\nFri: 07:00 \u2013 14:00<\/p>\n<\/div><\/div><\/div><\/div><\/div><\/div><div class=\"wpb_column pos-top pos-center align_left column_parent col-lg-6 single-internal-gutter\"><div class=\"uncol style-light\"  ><div class=\"uncoltable\"><div class=\"uncell no-block-padding\" ><div class=\"uncont\" ><div class=\"uncode-single-media  text-left\"><div class=\"single-wrapper\" style=\"max-width: 100%;\"><div class=\"tmb tmb-light  tmb-img-ratio tmb-media-first tmb-media-last tmb-content-overlay tmb-no-bg\"><div class=\"t-inside\"><div class=\"t-entry-visual\"><div class=\"t-entry-visual-tc\"><div class=\"uncode-single-media-wrapper\"><div class=\"dummy\" style=\"padding-top: 100%;\"><\/div><img decoding=\"async\" class=\"wp-image-398\" src=\"https:\/\/actil.se\/wp-content\/uploads\/2024\/07\/actile-spare-parts-uai-1000x1000.jpg\" width=\"1000\" height=\"1000\" alt=\"\" srcset=\"https:\/\/actil.se\/wp-content\/uploads\/2024\/07\/actile-spare-parts-uai-1000x1000.jpg 1000w, https:\/\/actil.se\/wp-content\/uploads\/2024\/07\/actile-spare-parts-150x150.jpg 150w, https:\/\/actil.se\/wp-content\/uploads\/2024\/07\/actile-spare-parts-348x348.jpg 348w, https:\/\/actil.se\/wp-content\/uploads\/2024\/07\/actile-spare-parts-300x300.jpg 300w, https:\/\/actil.se\/wp-content\/uploads\/2024\/07\/actile-spare-parts-100x100.jpg 100w, https:\/\/actil.se\/wp-content\/uploads\/2024\/07\/actile-spare-parts-uai-720x720.jpg 720w\" sizes=\"(max-width: 1000px) 100vw, 1000px\" \/><\/div>\n\t\t\t\t\t<\/div>\n\t\t\t\t<\/div><\/div><\/div><\/div><\/div><\/div><\/div><\/div><\/div><\/div><script id=\"script-row-unique-0\" data-row=\"script-row-unique-0\" type=\"text\/javascript\" class=\"vc_controls\">UNCODE.initRow(document.getElementById(\"row-unique-0\"));<\/script><\/div><\/div><\/div><div data-parent=\"true\" class=\"vc_row inverted-device-order has-bg need-focus style-color-xsdn-bg row-container\" id=\"row-unique-1\"><div class=\"row triple-top-padding single-bottom-padding single-h-padding limit-width row-parent\"><div class=\"wpb_row row-inner\"><div class=\"wpb_column pos-top pos-center align_left column_parent col-lg-6 single-internal-gutter\"><div class=\"uncol style-light\"  ><div class=\"uncoltable\"><div class=\"uncell  vc_custom_1707466377185 no-block-padding\" style=\"padding-right: 5% ;\" ><div class=\"uncont\" ><div class=\"icon-box icon-box-top\" ><div class=\"icon-box-icon fa-container\" style=\"margin-bottom: 0px;\" ><span class=\"text-color-424933-color btn-disable-hover\"><i class=\"fa fa-tools-2 fa-3x fa-fw\"><\/i><\/span><\/div><\/div><div class=\"vc_custom_heading_wrap\"><div class=\"heading-text el-text\" ><h2 class=\"h2\" ><span>Spare parts<\/span><\/h2><\/div><div class=\"clear\"><\/div><\/div><div class=\"uncode_text_column vc_custom_1707461438455\"  style=\"margin-top: 10px ;\"><p>Perhaps the most essential prerequisite for the length of life and safety of a truck is the prompt procurement of spare parts for regular maintenance and replacement when something breaks down.<\/p>\n<p>To reduce the unwanted expense that a standstill entails, we deal with orders as soon as they arrive, so customers normally receive the goods the following day.<\/p>\n<\/div><\/div><\/div><\/div><\/div><\/div><div class=\"wpb_column pos-top pos-center align_left column_parent col-lg-6 single-internal-gutter\"><div class=\"uncol style-light\"  ><div class=\"uncoltable\"><div class=\"uncell  vc_custom_1707466409746 no-block-padding\" style=\"padding-right: 5% ;\" ><div class=\"uncont\" ><div class=\"icon-box icon-box-top\" ><div class=\"icon-box-icon fa-container\" style=\"margin-bottom: 0px;\" ><span class=\"text-color-424933-color btn-disable-hover\"><i class=\"fa fa-television fa-3x fa-fw\"><\/i><\/span><\/div><\/div><div class=\"vc_custom_heading_wrap\"><div class=\"heading-text el-text\" ><h2 class=\"h2\" ><span>Order directly online<\/span><\/h2><\/div><div class=\"clear\"><\/div><\/div><div class=\"uncode_text_column vc_custom_1707461451433\"  style=\"margin-top: 10px ;\"><p>For direct orders or questions regarding spare parts, it is easiest to use the form on the right. Complete the form and press on send, and you will receive an acknowledgement that we have received the mail and we will get back to you as soon as possible.<\/p>\n<p>Of course you can also place your order or question by phone. In which case, it is important that you always state the truck's serial number.<\/p>\n<\/div><\/div><\/div><\/div><\/div><\/div><script id=\"script-row-unique-1\" data-row=\"script-row-unique-1\" type=\"text\/javascript\" class=\"vc_controls\">UNCODE.initRow(document.getElementById(\"row-unique-1\"));<\/script><\/div><\/div><\/div><div data-parent=\"true\" class=\"vc_row row-container\" id=\"row-unique-2\"><div class=\"row triple-top-padding double-bottom-padding single-h-padding limit-width row-parent\"><div class=\"wpb_row row-inner\"><div class=\"wpb_column pos-top pos-center align_left column_parent col-lg-12 single-internal-gutter\"><div class=\"uncol style-light\"  ><div class=\"uncoltable\"><div class=\"uncell no-block-padding\" ><div class=\"uncont\" ><div class=\"vc_custom_heading_wrap\"><div class=\"heading-text el-text\" ><h2 class=\"h2\" ><span>Inquiry \/ Order directly online<\/span><\/h2><\/div><div class=\"clear\"><\/div><\/div>\n<div class=\"wpcf7 no-js\" id=\"wpcf7-f309-o1\" lang=\"en-US\" dir=\"ltr\" data-wpcf7-id=\"309\">\n<div class=\"screen-reader-response\"><p role=\"status\" aria-live=\"polite\" aria-atomic=\"true\"><\/p> <ul><\/ul><\/div>\n<form action=\"\/en\/wp-json\/wp\/v2\/pages\/65#wpcf7-f309-o1\" method=\"post\" class=\"wpcf7-form init\" aria-label=\"Contact form\" enctype=\"multipart\/form-data\" novalidate=\"novalidate\" data-status=\"init\" data-trp-original-action=\"\/en\/wp-json\/wp\/v2\/pages\/65#wpcf7-f309-o1\">\n<fieldset class=\"hidden-fields-container\"><input type=\"hidden\" name=\"_wpcf7\" value=\"309\" \/><input type=\"hidden\" name=\"_wpcf7_version\" value=\"6.1.5\" \/><input type=\"hidden\" name=\"_wpcf7_locale\" value=\"en_US\" \/><input type=\"hidden\" name=\"_wpcf7_unit_tag\" value=\"wpcf7-f309-o1\" \/><input type=\"hidden\" name=\"_wpcf7_container_post\" value=\"0\" \/><input type=\"hidden\" name=\"_wpcf7_posted_data_hash\" value=\"\" \/>\n<\/fieldset>\n<div class=\"wpcf7-inline-wrapper\">\n\t<p>Type*\n\t<\/p>\n\t<p><span class=\"wpcf7-form-control-wrap\" data-name=\"Typ\"><span class=\"wpcf7-form-control wpcf7-radio\"><span class=\"wpcf7-list-item first\"><label><input type=\"radio\" name=\"Typ\" value=\"Detta \u00e4r en direktbest\u00e4llning\" checked=\"checked\" \/><span class=\"wpcf7-list-item-label\">This is a direct order<\/span><\/label><\/span><span class=\"wpcf7-list-item\"><label><input type=\"radio\" name=\"Typ\" value=\"Detta \u00e4r enbart en f\u00f6rfr\u00e5gan\" \/><span class=\"wpcf7-list-item-label\">This is just a question<\/span><\/label><\/span><span class=\"wpcf7-list-item last\"><label><input type=\"radio\" name=\"Typ\" value=\"Anm\u00e4lan av reklamation\" \/><span class=\"wpcf7-list-item-label\">Notification of claim<\/span><\/label><\/span><\/span><\/span>\n\t<\/p>\n<\/div>\n<div class=\"wpcf7-inline-wrapper\">\n\t<p>Truck model*\n\t<\/p>\n\t<p><span class=\"wpcf7-form-control-wrap\" data-name=\"truckmodell\"><select class=\"wpcf7-form-control wpcf7-select wpcf7-validates-as-required\" aria-required=\"true\" aria-invalid=\"false\" name=\"truckmodell\"><option value=\"\">&#8212;Please choose an option&#8212;<\/option><option value=\"ABEKO MPL 15 LUX\">ABEKO MPL 15 LUX<\/option><option value=\"ABEKO MPL 15\">ABEKO MPL 15<\/option><option value=\"ABEKO MPL 20 LUX\">ABEKO MPL 20 LUX<\/option><option value=\"ABEKO N10S\/N15S\">ABEKO N10S\/N15S<\/option><option value=\"ABEKO OPL 10 1.2\/2.1\">ABEKO OPL 10 1.2\/2.1<\/option><option value=\"ABEKO OPL 10 3.0\">ABEKO OPL 10 3.0<\/option><option value=\"ABEKO PS 135\">ABEKO PS 135<\/option><option value=\"ABEKO PS 200\">ABEKO PS 200<\/option><option value=\"ABEKO SA 1350\/1600\">ABEKO SA 1350\/1600<\/option><option value=\"ABEKO SAN 1600\">ABEKO SAN 1600<\/option><option value=\"ABEKO SAR 20\/30\">ABEKO SAR 20\/30<\/option><option value=\"ABEKO SAR 20N\">ABEKO SAR 20N<\/option><option value=\"ABEKO SW 1350\/1600\">ABEKO SW 1350\/1600<\/option><option value=\"ABEKO SWR 20\/30\">ABEKO SWR 20\/30<\/option><option value=\"ABEKO SWR 30T\">ABEKO SWR 30T<\/option><option value=\"\u00d6VRIGT\">\u00d6VRIGT<\/option><\/select><\/span>\n\t<\/p>\n<\/div>\n<div class=\"wpcf7-inline-wrapper\">\n\t<p class=\"wpcf7-inline-field\"><span class=\"wpcf7-form-control-wrap\" data-name=\"your-serialnumber\"><input size=\"40\" maxlength=\"400\" class=\"wpcf7-form-control wpcf7-text wpcf7-validates-as-required\" aria-required=\"true\" aria-invalid=\"false\" placeholder=\"Serial number\" value=\"\" type=\"text\" name=\"your-serialnumber\" \/><\/span>\n\t<\/p>\n\t<p class=\"wpcf7-inline-field\"><span class=\"wpcf7-form-control-wrap\" data-name=\"your-drifttimmar\"><input size=\"40\" maxlength=\"400\" class=\"wpcf7-form-control wpcf7-text wpcf7-validates-as-required\" aria-required=\"true\" aria-invalid=\"false\" placeholder=\"Operating hours\" value=\"\" type=\"text\" name=\"your-drifttimmar\" \/><\/span>\n\t<\/p>\n<\/div>\n<div class=\"wpcf7-inline-wrapper\">\n\t<p>Attach picture\n\t<\/p>\n\t<p><span class=\"wpcf7-form-control-wrap\" data-name=\"file-961\"><input size=\"40\" class=\"wpcf7-form-control wpcf7-file\" accept=\"audio\/*,video\/*,image\/*\" aria-invalid=\"false\" type=\"file\" name=\"file-961\" \/><\/span>\n\t<\/p>\n<\/div>\n<p><span class=\"wpcf7-form-control-wrap\" data-name=\"your-onskadreservdel\"><textarea cols=\"40\" rows=\"5\" maxlength=\"2000\" class=\"wpcf7-form-control wpcf7-textarea wpcf7-validates-as-required\" aria-required=\"true\" aria-invalid=\"false\" placeholder=\"Spare parts required*\" name=\"your-onskadreservdel\"><\/textarea><\/span>\n<\/p>\n<div class=\"wpcf7-inline-wrapper\">\n\t<p class=\"wpcf7-inline-field\"><span class=\"wpcf7-form-control-wrap\" data-name=\"your-kundnummer\"><input size=\"40\" maxlength=\"400\" class=\"wpcf7-form-control wpcf7-text wpcf7-validates-as-required\" aria-required=\"true\" aria-invalid=\"false\" placeholder=\"Customer number\" value=\"\" type=\"text\" name=\"your-kundnummer\" \/><\/span>\n\t<\/p>\n<\/div>\n<p>If you do not know your customer number, you can enter the company name and address in the box Other.\n<\/p>\n<div class=\"wpcf7-inline-wrapper\">\n\t<p class=\"wpcf7-inline-field\"><span class=\"wpcf7-form-control-wrap\" data-name=\"your-name\"><input size=\"40\" maxlength=\"400\" class=\"wpcf7-form-control wpcf7-text wpcf7-validates-as-required\" aria-required=\"true\" aria-invalid=\"false\" placeholder=\"Your name\" value=\"\" type=\"text\" name=\"your-name\" \/><\/span>\n\t<\/p>\n\t<p class=\"wpcf7-inline-field\"><span class=\"wpcf7-form-control-wrap\" data-name=\"your-epost\"><input size=\"40\" maxlength=\"400\" class=\"wpcf7-form-control wpcf7-email wpcf7-validates-as-required wpcf7-text wpcf7-validates-as-email\" aria-required=\"true\" aria-invalid=\"false\" placeholder=\"E-mail\" value=\"\" type=\"email\" name=\"your-epost\" \/><\/span>\n\t<\/p>\n<\/div>\n<div class=\"wpcf7-inline-wrapper\">\n\t<p class=\"wpcf7-inline-field\"><span class=\"wpcf7-form-control-wrap\" data-name=\"your-leveransadress\"><input size=\"40\" maxlength=\"400\" class=\"wpcf7-form-control wpcf7-text wpcf7-validates-as-required\" aria-required=\"true\" aria-invalid=\"false\" placeholder=\"Delivery address\" value=\"\" type=\"text\" name=\"your-leveransadress\" \/><\/span>\n\t<\/p>\n<\/div>\n<div class=\"wpcf7-inline-wrapper\">\n\t<p class=\"wpcf7-inline-field\"><span class=\"wpcf7-form-control-wrap\" data-name=\"your-telefon\"><input size=\"40\" maxlength=\"400\" class=\"wpcf7-form-control wpcf7-tel wpcf7-validates-as-required wpcf7-text wpcf7-validates-as-tel\" aria-required=\"true\" aria-invalid=\"false\" placeholder=\"Telephone\/mobile\" value=\"\" type=\"tel\" name=\"your-telefon\" \/><\/span>\n\t<\/p>\n<\/div>\n<p>Enter all digits incl. area code without dash\n<\/p>\n<p><span class=\"wpcf7-form-control-wrap\" data-name=\"your-ovrigt\"><textarea cols=\"40\" rows=\"5\" maxlength=\"2000\" class=\"wpcf7-form-control wpcf7-textarea wpcf7-validates-as-required\" aria-required=\"true\" aria-invalid=\"false\" placeholder=\"Other\" name=\"your-ovrigt\"><\/textarea><\/span>\n<\/p>\n<p><span class=\"wpcf7-form-control-wrap\" data-name=\"acceptance-655\"><span class=\"wpcf7-form-control wpcf7-acceptance\"><span class=\"wpcf7-list-item\"><label><input type=\"checkbox\" name=\"acceptance-655\" value=\"1\" aria-invalid=\"false\" \/><span class=\"wpcf7-list-item-label\">By checking this box you confirm that you have read our Terms of Service &amp; Privacy Policy<\/span><\/label><\/span><\/span><\/span>\n<\/p>\n<p><input class=\"wpcf7-form-control wpcf7-submit has-spinner btn btn-accent\" type=\"submit\" value=\"Send\" \/>\n<\/p><div class=\"wpcf7-response-output\" aria-hidden=\"true\"><\/div>\n<input type=\"hidden\" name=\"trp-form-language\" value=\"en\"\/><\/form>\n<\/div>\n<\/div><\/div><\/div><\/div><\/div><script id=\"script-row-unique-2\" data-row=\"script-row-unique-2\" type=\"text\/javascript\" class=\"vc_controls\">UNCODE.initRow(document.getElementById(\"row-unique-2\"));<\/script><\/div><\/div><\/div>\n<\/div>","protected":false},"excerpt":{"rendered":"Med kunden i fokusMed tanke p\u00e5 att v\u00e5ra kunder st\u00e5r i fokus \u00e4r en fungerande kundsupport h\u00f6gprioriterad. Ingen fr\u00e5ga \u00e4r [...]","protected":false},"author":1,"featured_media":0,"parent":0,"menu_order":0,"comment_status":"closed","ping_status":"closed","template":"","meta":{"footnotes":""},"class_list":["post-65","page","type-page","status-publish","hentry"],"acf":[],"_links":{"self":[{"href":"https:\/\/actil.se\/en\/wp-json\/wp\/v2\/pages\/65","targetHints":{"allow":["GET"]}}],"collection":[{"href":"https:\/\/actil.se\/en\/wp-json\/wp\/v2\/pages"}],"about":[{"href":"https:\/\/actil.se\/en\/wp-json\/wp\/v2\/types\/page"}],"author":[{"embeddable":true,"href":"https:\/\/actil.se\/en\/wp-json\/wp\/v2\/users\/1"}],"replies":[{"embeddable":true,"href":"https:\/\/actil.se\/en\/wp-json\/wp\/v2\/comments?post=65"}],"version-history":[{"count":13,"href":"https:\/\/actil.se\/en\/wp-json\/wp\/v2\/pages\/65\/revisions"}],"predecessor-version":[{"id":469,"href":"https:\/\/actil.se\/en\/wp-json\/wp\/v2\/pages\/65\/revisions\/469"}],"wp:attachment":[{"href":"https:\/\/actil.se\/en\/wp-json\/wp\/v2\/media?parent=65"}],"curies":[{"name":"wp","href":"https:\/\/api.w.org\/{rel}","templated":true}]}}