{"id":61,"date":"2024-02-01T06:39:28","date_gmt":"2024-02-01T06:39:28","guid":{"rendered":"https:\/\/actil.se\/?page_id=61"},"modified":"2026-01-19T10:47:20","modified_gmt":"2026-01-19T10:47:20","slug":"kontakt","status":"publish","type":"page","link":"https:\/\/actil.se\/en\/kontakt\/","title":{"rendered":"Contact"},"content":{"rendered":"<div class=\"wpb-content-wrapper\"><div data-parent=\"true\" class=\"vc_row has-bg need-focus style-color-lxmt-bg row-container\" id=\"row-unique-0\"><div class=\"row triple-top-padding triple-bottom-padding single-h-padding limit-width row-parent\"><div class=\"wpb_row row-inner\"><div class=\"wpb_column pos-middle pos-center align_left column_parent col-lg-6 single-internal-gutter\"><div class=\"uncol style-light\"  ><div class=\"uncoltable\"><div class=\"uncell double-block-padding\" ><div class=\"uncont\" ><div class=\"vc_custom_heading_wrap\"><div class=\"heading-text el-text\" ><h2 class=\"h1\" ><span>Turn <span style=\"color: #c71f2a;\">to us<\/span><\/span><\/h2><\/div><div class=\"clear\"><\/div><\/div><div class=\"uncode_text_column vc_custom_1711455629415\"  style=\"margin-top: 10px ;\"><p>All questions, large as well as small, are welcome. Together, we are in daily contact with customers, engineers, dealers, fitters and mechanics in the field. We help to solve problems, not always by sending physical parts but sometimes by pointing the person in question in the right direction by providing a wiring diagram, hydraulics diagram or similar. Our expert personnel have an answer for most things.<\/p>\n<\/div><\/div><\/div><\/div><\/div><\/div><div class=\"wpb_column pos-top pos-center align_left column_parent col-lg-6 single-internal-gutter\"><div class=\"uncol style-light\"  ><div class=\"uncoltable\"><div class=\"uncell no-block-padding\" ><div class=\"uncont\" ><div class=\"uncode-single-media  text-left\"><div class=\"single-wrapper\" style=\"max-width: 100%;\"><div class=\"tmb tmb-light  tmb-img-ratio tmb-media-first tmb-media-last tmb-content-overlay tmb-no-bg\"><div class=\"t-inside\"><div class=\"t-entry-visual\"><div class=\"t-entry-visual-tc\"><div class=\"uncode-single-media-wrapper\"><div class=\"dummy\" style=\"padding-top: 100%;\"><\/div><img decoding=\"async\" class=\"wp-image-235\" src=\"https:\/\/actil.se\/wp-content\/uploads\/2024\/03\/R6II0436-uai-1600x1600.webp\" width=\"1600\" height=\"1600\" alt=\"\" srcset=\"https:\/\/actil.se\/wp-content\/uploads\/2024\/03\/R6II0436-uai-1600x1600.webp 1600w, https:\/\/actil.se\/wp-content\/uploads\/2024\/03\/R6II0436-150x150.webp 150w, https:\/\/actil.se\/wp-content\/uploads\/2024\/03\/R6II0436-348x348.webp 348w, https:\/\/actil.se\/wp-content\/uploads\/2024\/03\/R6II0436-300x300.webp 300w, https:\/\/actil.se\/wp-content\/uploads\/2024\/03\/R6II0436-100x100.webp 100w, https:\/\/actil.se\/wp-content\/uploads\/2024\/03\/R6II0436-uai-720x720.webp 720w, https:\/\/actil.se\/wp-content\/uploads\/2024\/03\/R6II0436-uai-1032x1032.webp 1032w\" sizes=\"(max-width: 1600px) 100vw, 1600px\" \/><\/div>\n\t\t\t\t\t<\/div>\n\t\t\t\t<\/div><\/div><\/div><\/div><\/div><\/div><\/div><\/div><\/div><\/div><script id=\"script-row-unique-0\" data-row=\"script-row-unique-0\" type=\"text\/javascript\" class=\"vc_controls\">UNCODE.initRow(document.getElementById(\"row-unique-0\"));<\/script><\/div><\/div><\/div><div data-parent=\"true\" class=\"vc_row row-container\" id=\"row-unique-1\"><div class=\"row quad-top-padding quad-bottom-padding single-h-padding limit-width row-parent\"><div class=\"wpb_row row-inner\"><div class=\"wpb_column pos-top pos-center align_left column_parent col-lg-12 single-internal-gutter\"><div class=\"uncol style-light\"  ><div class=\"uncoltable\"><div class=\"uncell no-block-padding\" ><div class=\"uncont\" ><div id=\"gallery-31846\" class=\"un-media-gallery isotope-system isotope-general-light grid-general-light\">\n\t\t\t\t\t\n\t\n\t<div class=\"isotope-wrapper grid-wrapper single-gutter\" >\n\t\t\t\t\t\t\t\t\t<div class=\"isotope-container isotope-layout style-masonry\" data-type=\"masonry\" data-layout=\"masonry\" data-lg=\"1000\" data-md=\"600\" data-sm=\"480\">\n<div class=\"tmb tmb-iso-w3 tmb-iso-h4 tmb-light tmb-content-center tmb-id-333  tmb-img-ratio tmb-content-under tmb-media-first tmb-no-bg\" ><div class=\"t-inside no-anim\" ><div class=\"t-entry-visual\"><div class=\"t-entry-visual-tc\"><div class=\"t-entry-visual-cont\"><div class=\"dummy\" style=\"padding-top: 100%;\"><\/div><a role=\"button\" tabindex=\"-1\" class=\"inactive-link pushed\" data-lb-index=\"0\"><div class=\"t-entry-visual-overlay\"><div class=\"t-entry-visual-overlay-in style-dark-bg\" style=\"opacity: 0.5;\"><\/div><\/div><img decoding=\"async\" class=\"wp-image-333\" src=\"https:\/\/actil.se\/wp-content\/uploads\/2024\/06\/Stefan-Kocken-1-scaled.webp\" width=\"2560\" height=\"2560\" alt=\"\" srcset=\"https:\/\/actil.se\/wp-content\/uploads\/2024\/06\/Stefan-Kocken-1-scaled.webp 2560w, https:\/\/actil.se\/wp-content\/uploads\/2024\/06\/Stefan-Kocken-1-300x300.webp 300w, https:\/\/actil.se\/wp-content\/uploads\/2024\/06\/Stefan-Kocken-1-1024x1024.webp 1024w, https:\/\/actil.se\/wp-content\/uploads\/2024\/06\/Stefan-Kocken-1-150x150.webp 150w, https:\/\/actil.se\/wp-content\/uploads\/2024\/06\/Stefan-Kocken-1-768x768.webp 768w, https:\/\/actil.se\/wp-content\/uploads\/2024\/06\/Stefan-Kocken-1-1536x1536.webp 1536w, https:\/\/actil.se\/wp-content\/uploads\/2024\/06\/Stefan-Kocken-1-2048x2048.webp 2048w, https:\/\/actil.se\/wp-content\/uploads\/2024\/06\/Stefan-Kocken-1-12x12.webp 12w, https:\/\/actil.se\/wp-content\/uploads\/2024\/06\/Stefan-Kocken-1-350x350.webp 350w, https:\/\/actil.se\/wp-content\/uploads\/2024\/06\/Stefan-Kocken-1-348x348.webp 348w, https:\/\/actil.se\/wp-content\/uploads\/2024\/06\/Stefan-Kocken-1-600x600.webp 600w, https:\/\/actil.se\/wp-content\/uploads\/2024\/06\/Stefan-Kocken-1-100x100.webp 100w, https:\/\/actil.se\/wp-content\/uploads\/2024\/06\/Stefan-Kocken-1-scaled-uai-720x720.webp 720w, https:\/\/actil.se\/wp-content\/uploads\/2024\/06\/Stefan-Kocken-1-scaled-uai-1032x1032.webp 1032w\" sizes=\"(max-width: 2560px) 100vw, 2560px\" \/><\/a><\/div>\n\t\t\t\t\t<\/div>\n\t\t\t\t<\/div><div class=\"t-entry-text\">\n\t\t\t\t\t\t\t\t\t<div class=\"t-entry-text-tc half-block-padding\"><div class=\"t-entry\"><h3 class=\"t-entry-title h4 title-scale\">Stefan Kocken<\/h3><p class=\"t-entry-meta\"><span>Head of Sales<\/span><\/p><p class=\"t-entry-excerpt text-small\">Phone: +46 70 185 22 40 <br>\n<a href=\"mailto:stefan@actil.se\">E-mail<\/a><\/p><hr \/><\/div><\/div>\n\t\t\t\t\t\t\t<\/div><\/div><\/div><div class=\"tmb tmb-iso-w3 tmb-iso-h4 tmb-light tmb-content-center tmb-id-323  tmb-img-ratio tmb-content-under tmb-media-first tmb-no-bg\" ><div class=\"t-inside no-anim\" ><div class=\"t-entry-visual\"><div class=\"t-entry-visual-tc\"><div class=\"t-entry-visual-cont\"><div class=\"dummy\" style=\"padding-top: 100%;\"><\/div><a role=\"button\" tabindex=\"-1\" class=\"inactive-link pushed\" data-lb-index=\"1\"><div class=\"t-entry-visual-overlay\"><div class=\"t-entry-visual-overlay-in style-dark-bg\" style=\"opacity: 0.5;\"><\/div><\/div><img decoding=\"async\" class=\"wp-image-323\" src=\"https:\/\/actil.se\/wp-content\/uploads\/2024\/06\/Dan-Petersson-scaled.webp\" width=\"2560\" height=\"2560\" alt=\"\" srcset=\"https:\/\/actil.se\/wp-content\/uploads\/2024\/06\/Dan-Petersson-scaled.webp 2560w, https:\/\/actil.se\/wp-content\/uploads\/2024\/06\/Dan-Petersson-300x300.webp 300w, https:\/\/actil.se\/wp-content\/uploads\/2024\/06\/Dan-Petersson-1024x1024.webp 1024w, https:\/\/actil.se\/wp-content\/uploads\/2024\/06\/Dan-Petersson-150x150.webp 150w, https:\/\/actil.se\/wp-content\/uploads\/2024\/06\/Dan-Petersson-768x768.webp 768w, https:\/\/actil.se\/wp-content\/uploads\/2024\/06\/Dan-Petersson-1536x1536.webp 1536w, https:\/\/actil.se\/wp-content\/uploads\/2024\/06\/Dan-Petersson-2048x2048.webp 2048w, https:\/\/actil.se\/wp-content\/uploads\/2024\/06\/Dan-Petersson-12x12.webp 12w, https:\/\/actil.se\/wp-content\/uploads\/2024\/06\/Dan-Petersson-350x350.webp 350w, https:\/\/actil.se\/wp-content\/uploads\/2024\/06\/Dan-Petersson-348x348.webp 348w, https:\/\/actil.se\/wp-content\/uploads\/2024\/06\/Dan-Petersson-600x600.webp 600w, https:\/\/actil.se\/wp-content\/uploads\/2024\/06\/Dan-Petersson-100x100.webp 100w, https:\/\/actil.se\/wp-content\/uploads\/2024\/06\/Dan-Petersson-scaled-uai-720x720.webp 720w, https:\/\/actil.se\/wp-content\/uploads\/2024\/06\/Dan-Petersson-scaled-uai-1032x1032.webp 1032w\" sizes=\"(max-width: 2560px) 100vw, 2560px\" \/><\/a><\/div>\n\t\t\t\t\t<\/div>\n\t\t\t\t<\/div><div class=\"t-entry-text\">\n\t\t\t\t\t\t\t\t\t<div class=\"t-entry-text-tc half-block-padding\"><div class=\"t-entry\"><h3 class=\"t-entry-title h4 title-scale\">Dan Petersson<\/h3><p class=\"t-entry-meta\"><span>Spare Parts<\/span><\/p><p class=\"t-entry-excerpt text-small\">Phone: +46 13 602 05 <br>\n<a href=\"mailto:spareparts@actil.se\">E-mail<\/a><\/p><hr \/><\/div><\/div>\n\t\t\t\t\t\t\t<\/div><\/div><\/div><div class=\"tmb tmb-iso-w3 tmb-iso-h4 tmb-light tmb-content-center tmb-id-327  tmb-img-ratio tmb-content-under tmb-media-first tmb-no-bg\" ><div class=\"t-inside no-anim\" ><div class=\"t-entry-visual\"><div class=\"t-entry-visual-tc\"><div class=\"t-entry-visual-cont\"><div class=\"dummy\" style=\"padding-top: 100%;\"><\/div><a role=\"button\" tabindex=\"-1\" class=\"inactive-link pushed\" data-lb-index=\"2\"><div class=\"t-entry-visual-overlay\"><div class=\"t-entry-visual-overlay-in style-dark-bg\" style=\"opacity: 0.5;\"><\/div><\/div><img decoding=\"async\" class=\"wp-image-327\" src=\"https:\/\/actil.se\/wp-content\/uploads\/2024\/06\/Tomas-Jonsson-scaled.webp\" width=\"2560\" height=\"2560\" alt=\"\" srcset=\"https:\/\/actil.se\/wp-content\/uploads\/2024\/06\/Tomas-Jonsson-scaled.webp 2560w, https:\/\/actil.se\/wp-content\/uploads\/2024\/06\/Tomas-Jonsson-300x300.webp 300w, https:\/\/actil.se\/wp-content\/uploads\/2024\/06\/Tomas-Jonsson-1024x1024.webp 1024w, https:\/\/actil.se\/wp-content\/uploads\/2024\/06\/Tomas-Jonsson-150x150.webp 150w, https:\/\/actil.se\/wp-content\/uploads\/2024\/06\/Tomas-Jonsson-768x768.webp 768w, https:\/\/actil.se\/wp-content\/uploads\/2024\/06\/Tomas-Jonsson-1536x1536.webp 1536w, https:\/\/actil.se\/wp-content\/uploads\/2024\/06\/Tomas-Jonsson-2048x2048.webp 2048w, https:\/\/actil.se\/wp-content\/uploads\/2024\/06\/Tomas-Jonsson-12x12.webp 12w, https:\/\/actil.se\/wp-content\/uploads\/2024\/06\/Tomas-Jonsson-350x350.webp 350w, https:\/\/actil.se\/wp-content\/uploads\/2024\/06\/Tomas-Jonsson-348x348.webp 348w, https:\/\/actil.se\/wp-content\/uploads\/2024\/06\/Tomas-Jonsson-600x600.webp 600w, https:\/\/actil.se\/wp-content\/uploads\/2024\/06\/Tomas-Jonsson-100x100.webp 100w, https:\/\/actil.se\/wp-content\/uploads\/2024\/06\/Tomas-Jonsson-scaled-uai-720x720.webp 720w, https:\/\/actil.se\/wp-content\/uploads\/2024\/06\/Tomas-Jonsson-scaled-uai-1032x1032.webp 1032w\" sizes=\"(max-width: 2560px) 100vw, 2560px\" \/><\/a><\/div>\n\t\t\t\t\t<\/div>\n\t\t\t\t<\/div><div class=\"t-entry-text\">\n\t\t\t\t\t\t\t\t\t<div class=\"t-entry-text-tc half-block-padding\"><div class=\"t-entry\"><h3 class=\"t-entry-title h4 title-scale\">Tomas Jonsson<\/h3><p class=\"t-entry-meta\"><span>Technical Support<\/span><\/p><p class=\"t-entry-excerpt text-small\">Phone: +46 70 598 08 00 <br>\n<a href=\"mailto:support@actil.se\">E-mail<\/a><\/p><hr \/><\/div><\/div>\n\t\t\t\t\t\t\t<\/div><\/div><\/div><div class=\"tmb tmb-iso-w3 tmb-iso-h4 tmb-light tmb-content-center tmb-id-325  tmb-img-ratio tmb-content-under tmb-media-first tmb-no-bg\" ><div class=\"t-inside no-anim\" ><div class=\"t-entry-visual\"><div class=\"t-entry-visual-tc\"><div class=\"t-entry-visual-cont\"><div class=\"dummy\" style=\"padding-top: 100%;\"><\/div><a role=\"button\" tabindex=\"-1\" class=\"inactive-link pushed\" data-lb-index=\"3\"><div class=\"t-entry-visual-overlay\"><div class=\"t-entry-visual-overlay-in style-dark-bg\" style=\"opacity: 0.5;\"><\/div><\/div><img decoding=\"async\" class=\"wp-image-325\" src=\"https:\/\/actil.se\/wp-content\/uploads\/2024\/06\/Julius-Egelstig-scaled.webp\" width=\"2560\" height=\"2560\" alt=\"\" srcset=\"https:\/\/actil.se\/wp-content\/uploads\/2024\/06\/Julius-Egelstig-scaled.webp 2560w, https:\/\/actil.se\/wp-content\/uploads\/2024\/06\/Julius-Egelstig-300x300.webp 300w, https:\/\/actil.se\/wp-content\/uploads\/2024\/06\/Julius-Egelstig-1024x1024.webp 1024w, https:\/\/actil.se\/wp-content\/uploads\/2024\/06\/Julius-Egelstig-150x150.webp 150w, https:\/\/actil.se\/wp-content\/uploads\/2024\/06\/Julius-Egelstig-768x768.webp 768w, https:\/\/actil.se\/wp-content\/uploads\/2024\/06\/Julius-Egelstig-1536x1536.webp 1536w, https:\/\/actil.se\/wp-content\/uploads\/2024\/06\/Julius-Egelstig-2048x2048.webp 2048w, https:\/\/actil.se\/wp-content\/uploads\/2024\/06\/Julius-Egelstig-12x12.webp 12w, https:\/\/actil.se\/wp-content\/uploads\/2024\/06\/Julius-Egelstig-350x350.webp 350w, https:\/\/actil.se\/wp-content\/uploads\/2024\/06\/Julius-Egelstig-348x348.webp 348w, https:\/\/actil.se\/wp-content\/uploads\/2024\/06\/Julius-Egelstig-600x600.webp 600w, https:\/\/actil.se\/wp-content\/uploads\/2024\/06\/Julius-Egelstig-100x100.webp 100w, https:\/\/actil.se\/wp-content\/uploads\/2024\/06\/Julius-Egelstig-scaled-uai-720x720.webp 720w, https:\/\/actil.se\/wp-content\/uploads\/2024\/06\/Julius-Egelstig-scaled-uai-1032x1032.webp 1032w\" sizes=\"(max-width: 2560px) 100vw, 2560px\" \/><\/a><\/div>\n\t\t\t\t\t<\/div>\n\t\t\t\t<\/div><div class=\"t-entry-text\">\n\t\t\t\t\t\t\t\t\t<div class=\"t-entry-text-tc half-block-padding\"><div class=\"t-entry\"><h3 class=\"t-entry-title h4 title-scale\">Julius Egelstig<\/h3><p class=\"t-entry-meta\"><span>Head of Design\/R&D<\/span><\/p><p class=\"t-entry-excerpt text-small\">Tel: +46 70 292 00 73 <br>\n<a href=\"mailto:julius@actil.se\">E-mail<\/a><\/p><hr \/><\/div><\/div>\n\t\t\t\t\t\t\t<\/div><\/div><\/div><div class=\"tmb tmb-iso-w3 tmb-iso-h4 tmb-light tmb-content-center tmb-id-322  tmb-img-ratio tmb-content-under tmb-media-first tmb-no-bg\" ><div class=\"t-inside no-anim\" ><div class=\"t-entry-visual\"><div class=\"t-entry-visual-tc\"><div class=\"t-entry-visual-cont\"><div class=\"dummy\" style=\"padding-top: 100%;\"><\/div><a role=\"button\" tabindex=\"-1\" class=\"inactive-link pushed\" data-lb-index=\"4\"><div class=\"t-entry-visual-overlay\"><div class=\"t-entry-visual-overlay-in style-dark-bg\" style=\"opacity: 0.5;\"><\/div><\/div><img decoding=\"async\" class=\"wp-image-322\" src=\"https:\/\/actil.se\/wp-content\/uploads\/2024\/06\/Charlotte-Hilmersson-scaled.webp\" width=\"2560\" height=\"2560\" alt=\"\" srcset=\"https:\/\/actil.se\/wp-content\/uploads\/2024\/06\/Charlotte-Hilmersson-scaled.webp 2560w, https:\/\/actil.se\/wp-content\/uploads\/2024\/06\/Charlotte-Hilmersson-300x300.webp 300w, https:\/\/actil.se\/wp-content\/uploads\/2024\/06\/Charlotte-Hilmersson-1024x1024.webp 1024w, https:\/\/actil.se\/wp-content\/uploads\/2024\/06\/Charlotte-Hilmersson-150x150.webp 150w, https:\/\/actil.se\/wp-content\/uploads\/2024\/06\/Charlotte-Hilmersson-768x768.webp 768w, https:\/\/actil.se\/wp-content\/uploads\/2024\/06\/Charlotte-Hilmersson-1536x1536.webp 1536w, https:\/\/actil.se\/wp-content\/uploads\/2024\/06\/Charlotte-Hilmersson-2048x2048.webp 2048w, https:\/\/actil.se\/wp-content\/uploads\/2024\/06\/Charlotte-Hilmersson-12x12.webp 12w, https:\/\/actil.se\/wp-content\/uploads\/2024\/06\/Charlotte-Hilmersson-350x350.webp 350w, https:\/\/actil.se\/wp-content\/uploads\/2024\/06\/Charlotte-Hilmersson-348x348.webp 348w, https:\/\/actil.se\/wp-content\/uploads\/2024\/06\/Charlotte-Hilmersson-600x600.webp 600w, https:\/\/actil.se\/wp-content\/uploads\/2024\/06\/Charlotte-Hilmersson-100x100.webp 100w, https:\/\/actil.se\/wp-content\/uploads\/2024\/06\/Charlotte-Hilmersson-scaled-uai-720x720.webp 720w, https:\/\/actil.se\/wp-content\/uploads\/2024\/06\/Charlotte-Hilmersson-scaled-uai-1032x1032.webp 1032w\" sizes=\"(max-width: 2560px) 100vw, 2560px\" \/><\/a><\/div>\n\t\t\t\t\t<\/div>\n\t\t\t\t<\/div><div class=\"t-entry-text\">\n\t\t\t\t\t\t\t\t\t<div class=\"t-entry-text-tc half-block-padding\"><div class=\"t-entry\"><h3 class=\"t-entry-title h4 title-scale\">Charlotte Hilmersson<\/h3><p class=\"t-entry-meta\"><span>Head of Finance<\/span><\/p><p class=\"t-entry-excerpt text-small\">Phone: +46 13 602 22 <br>\n<a href=\"mailto:Charlotte.hilmersson@kiongroup.com\">E-mail<\/a><\/p><hr \/><\/div><\/div>\n\t\t\t\t\t\t\t<\/div><\/div><\/div><div class=\"tmb tmb-iso-w3 tmb-iso-h4 tmb-light tmb-content-center tmb-id-433  tmb-img-ratio tmb-content-under tmb-media-first tmb-no-bg\" ><div class=\"t-inside no-anim\" ><div class=\"t-entry-visual\"><div class=\"t-entry-visual-tc\"><div class=\"t-entry-visual-cont\"><div class=\"dummy\" style=\"padding-top: 100%;\"><\/div><a role=\"button\" tabindex=\"-1\" class=\"inactive-link pushed\" data-lb-index=\"5\"><div class=\"t-entry-visual-overlay\"><div class=\"t-entry-visual-overlay-in style-dark-bg\" style=\"opacity: 0.5;\"><\/div><\/div><img decoding=\"async\" class=\"wp-image-433\" src=\"https:\/\/actil.se\/wp-content\/uploads\/2025\/01\/thumbnail_AndreasNyander-copy-e1736233029984.jpg\" width=\"2024\" height=\"2024\" alt=\"\" srcset=\"https:\/\/actil.se\/wp-content\/uploads\/2025\/01\/thumbnail_AndreasNyander-copy-e1736233029984.jpg 2024w, https:\/\/actil.se\/wp-content\/uploads\/2025\/01\/thumbnail_AndreasNyander-copy-e1736233029984-300x300.jpg 300w, https:\/\/actil.se\/wp-content\/uploads\/2025\/01\/thumbnail_AndreasNyander-copy-e1736233029984-1024x1024.jpg 1024w, https:\/\/actil.se\/wp-content\/uploads\/2025\/01\/thumbnail_AndreasNyander-copy-e1736233029984-150x150.jpg 150w, https:\/\/actil.se\/wp-content\/uploads\/2025\/01\/thumbnail_AndreasNyander-copy-e1736233029984-768x768.jpg 768w, https:\/\/actil.se\/wp-content\/uploads\/2025\/01\/thumbnail_AndreasNyander-copy-e1736233029984-1536x1536.jpg 1536w, https:\/\/actil.se\/wp-content\/uploads\/2025\/01\/thumbnail_AndreasNyander-copy-e1736233029984-12x12.jpg 12w, https:\/\/actil.se\/wp-content\/uploads\/2025\/01\/thumbnail_AndreasNyander-copy-e1736233029984-350x350.jpg 350w, https:\/\/actil.se\/wp-content\/uploads\/2025\/01\/thumbnail_AndreasNyander-copy-e1736233029984-348x348.jpg 348w, https:\/\/actil.se\/wp-content\/uploads\/2025\/01\/thumbnail_AndreasNyander-copy-e1736233029984-600x600.jpg 600w, https:\/\/actil.se\/wp-content\/uploads\/2025\/01\/thumbnail_AndreasNyander-copy-e1736233029984-100x100.jpg 100w, https:\/\/actil.se\/wp-content\/uploads\/2025\/01\/thumbnail_AndreasNyander-copy-e1736233029984-uai-720x720.jpg 720w, https:\/\/actil.se\/wp-content\/uploads\/2025\/01\/thumbnail_AndreasNyander-copy-e1736233029984-uai-1032x1032.jpg 1032w\" sizes=\"(max-width: 2024px) 100vw, 2024px\" \/><\/a><\/div>\n\t\t\t\t\t<\/div>\n\t\t\t\t<\/div><div class=\"t-entry-text\">\n\t\t\t\t\t\t\t\t\t<div class=\"t-entry-text-tc half-block-padding\"><div class=\"t-entry\"><h3 class=\"t-entry-title h4 title-scale\">Andreas Nyander<\/h3><p class=\"t-entry-meta\"><span>Site Manager<\/span><\/p><p class=\"t-entry-excerpt text-small\">Tel: +46 13 602 23<br>\n<a href=\"mailto:andreas@actil.se\">E-mail<\/a><\/p><hr \/><\/div><\/div>\n\t\t\t\t\t\t\t<\/div><\/div><\/div><div class=\"tmb tmb-iso-w3 tmb-iso-h4 tmb-light tmb-content-center tmb-id-324  tmb-img-ratio tmb-content-under tmb-media-first tmb-no-bg\" ><div class=\"t-inside no-anim\" ><div class=\"t-entry-visual\"><div class=\"t-entry-visual-tc\"><div class=\"t-entry-visual-cont\"><div class=\"dummy\" style=\"padding-top: 100%;\"><\/div><a role=\"button\" tabindex=\"-1\" class=\"inactive-link pushed\" data-lb-index=\"6\"><div class=\"t-entry-visual-overlay\"><div class=\"t-entry-visual-overlay-in style-dark-bg\" style=\"opacity: 0.5;\"><\/div><\/div><img decoding=\"async\" class=\"wp-image-324\" src=\"https:\/\/actil.se\/wp-content\/uploads\/2024\/06\/Henrik-Adolfsson-scaled.webp\" width=\"2560\" height=\"2560\" alt=\"\" srcset=\"https:\/\/actil.se\/wp-content\/uploads\/2024\/06\/Henrik-Adolfsson-scaled.webp 2560w, https:\/\/actil.se\/wp-content\/uploads\/2024\/06\/Henrik-Adolfsson-300x300.webp 300w, https:\/\/actil.se\/wp-content\/uploads\/2024\/06\/Henrik-Adolfsson-1024x1024.webp 1024w, https:\/\/actil.se\/wp-content\/uploads\/2024\/06\/Henrik-Adolfsson-150x150.webp 150w, https:\/\/actil.se\/wp-content\/uploads\/2024\/06\/Henrik-Adolfsson-768x768.webp 768w, https:\/\/actil.se\/wp-content\/uploads\/2024\/06\/Henrik-Adolfsson-1536x1536.webp 1536w, https:\/\/actil.se\/wp-content\/uploads\/2024\/06\/Henrik-Adolfsson-2048x2048.webp 2048w, https:\/\/actil.se\/wp-content\/uploads\/2024\/06\/Henrik-Adolfsson-12x12.webp 12w, https:\/\/actil.se\/wp-content\/uploads\/2024\/06\/Henrik-Adolfsson-350x350.webp 350w, https:\/\/actil.se\/wp-content\/uploads\/2024\/06\/Henrik-Adolfsson-348x348.webp 348w, https:\/\/actil.se\/wp-content\/uploads\/2024\/06\/Henrik-Adolfsson-600x600.webp 600w, https:\/\/actil.se\/wp-content\/uploads\/2024\/06\/Henrik-Adolfsson-100x100.webp 100w, https:\/\/actil.se\/wp-content\/uploads\/2024\/06\/Henrik-Adolfsson-scaled-uai-720x720.webp 720w, https:\/\/actil.se\/wp-content\/uploads\/2024\/06\/Henrik-Adolfsson-scaled-uai-1032x1032.webp 1032w\" sizes=\"(max-width: 2560px) 100vw, 2560px\" \/><\/a><\/div>\n\t\t\t\t\t<\/div>\n\t\t\t\t<\/div><div class=\"t-entry-text\">\n\t\t\t\t\t\t\t\t\t<div class=\"t-entry-text-tc half-block-padding\"><div class=\"t-entry\"><h3 class=\"t-entry-title h4 title-scale\">Henrik Adolfsson<\/h3><p class=\"t-entry-meta\"><span>Vice President<\/span><\/p><p class=\"t-entry-excerpt text-small\">Phone: +46 13 602 00 <br>\n<a href=\"mailto:henrik@actil.se\">E-mail<\/a><\/p><hr \/><\/div><\/div>\n\t\t\t\t\t\t\t<\/div><\/div><\/div>\t\t\t<\/div>\n\t\t\t\t\t<\/div>\n\n\t\n\t\n\t\n<\/div>\n\n<\/div><\/div><\/div><\/div><\/div><script id=\"script-row-unique-1\" data-row=\"script-row-unique-1\" type=\"text\/javascript\" class=\"vc_controls\">UNCODE.initRow(document.getElementById(\"row-unique-1\"));<\/script><\/div><\/div><\/div><div data-parent=\"true\" class=\"vc_row row-container\" id=\"row-unique-2\"><div class=\"row no-top-padding single-bottom-padding single-h-padding limit-width row-parent\"><div class=\"wpb_row row-inner\"><div class=\"wpb_column pos-top pos-center align_left column_parent col-lg-12 single-internal-gutter\"><div class=\"uncol style-light\"  ><div class=\"uncoltable\"><div class=\"uncell no-block-padding\" ><div class=\"uncont\" >\n\t<div class=\"wpb_raw_code wpb_raw_html\" >\n\t\t<div class=\"wpb_wrapper\">\n\t\t\t<iframe src=\"https:\/\/www.google.com\/maps\/embed?pb=!1m14!1m8!1m3!1d8335.612808930475!2d15.546362!3d58.512987!3m2!1i1024!2i768!4f13.1!3m3!1m2!1s0x465967761e663101%3A0x5b8908ee0d9bd150!2sActil%20Warehouse%20Trucks%20AB!5e0!3m2!1sen!2sse!4v1707299147251!5m2!1sen!2sse\" width=\"600\" height=\"600\" style=\"border:0;\" allowfullscreen=\"\" loading=\"lazy\" referrerpolicy=\"no-referrer-when-downgrade\"><\/iframe>\n\t\t<\/div>\n\t<\/div>\n<\/div><\/div><\/div><\/div><\/div><script id=\"script-row-unique-2\" data-row=\"script-row-unique-2\" type=\"text\/javascript\" class=\"vc_controls\">UNCODE.initRow(document.getElementById(\"row-unique-2\"));<\/script><\/div><\/div><\/div>\n<\/div>","protected":false},"excerpt":{"rendered":"V\u00e4nd dig till ossAlla fr\u00e5gor stora som sm\u00e5 \u00e4r v\u00e4lkomna. Tillsammans \u00e4r vi dagligen i kontakt med kunder, tekniker, \u00e5terf\u00f6rs\u00e4ljare, [...]","protected":false},"author":1,"featured_media":0,"parent":0,"menu_order":0,"comment_status":"closed","ping_status":"closed","template":"","meta":{"footnotes":""},"class_list":["post-61","page","type-page","status-publish","hentry"],"acf":[],"_links":{"self":[{"href":"https:\/\/actil.se\/en\/wp-json\/wp\/v2\/pages\/61","targetHints":{"allow":["GET"]}}],"collection":[{"href":"https:\/\/actil.se\/en\/wp-json\/wp\/v2\/pages"}],"about":[{"href":"https:\/\/actil.se\/en\/wp-json\/wp\/v2\/types\/page"}],"author":[{"embeddable":true,"href":"https:\/\/actil.se\/en\/wp-json\/wp\/v2\/users\/1"}],"replies":[{"embeddable":true,"href":"https:\/\/actil.se\/en\/wp-json\/wp\/v2\/comments?post=61"}],"version-history":[{"count":17,"href":"https:\/\/actil.se\/en\/wp-json\/wp\/v2\/pages\/61\/revisions"}],"predecessor-version":[{"id":508,"href":"https:\/\/actil.se\/en\/wp-json\/wp\/v2\/pages\/61\/revisions\/508"}],"wp:attachment":[{"href":"https:\/\/actil.se\/en\/wp-json\/wp\/v2\/media?parent=61"}],"curies":[{"name":"wp","href":"https:\/\/api.w.org\/{rel}","templated":true}]}}