{"id":437,"date":"2025-01-23T12:15:31","date_gmt":"2025-01-23T12:15:31","guid":{"rendered":"https:\/\/actil.se\/?page_id=437"},"modified":"2025-12-15T09:49:25","modified_gmt":"2025-12-15T09:49:25","slug":"lediga-tjanster","status":"publish","type":"page","link":"https:\/\/actil.se\/en\/lediga-tjanster\/","title":{"rendered":"Vacancies"},"content":{"rendered":"<div class=\"wpb-content-wrapper\"><div data-parent=\"true\" class=\"vc_row row-container\" id=\"row-unique-0\"><div class=\"row double-top-padding double-bottom-padding single-h-padding limit-width row-parent\"><div class=\"wpb_row row-inner\"><div class=\"wpb_column pos-middle pos-center align_left column_parent col-lg-8 single-internal-gutter\"><div class=\"uncol style-light\"  ><div class=\"uncoltable\"><div class=\"uncell no-block-padding\" ><div class=\"uncont\" ><div class=\"vc_custom_heading_wrap\"><div class=\"heading-text el-text\" ><h1 class=\"h1\" ><span>Spontanans\u00f6kan<\/span><\/h1><\/div><div class=\"clear\"><\/div><\/div><div class=\"uncode_text_column vc_custom_1765791885674\"  style=\"margin-top: 15px ;\"><p>Just nu har vi inga lediga tj\u00e4nster, men du \u00e4r alltid v\u00e4lkommen att skicka in en spontanans\u00f6kan till oss.<\/p>\n<\/div><span class=\"btn-container\" ><a role=\"button\"  href=\"mailto:info@actil.se\" class=\"custom-link btn border-width-0 btn-default btn-icon-left\" target=\"_blank\">Skicka spontanans\u00f6kan<\/a><\/span><\/div><\/div><\/div><\/div><\/div><div class=\"wpb_column pos-top pos-center align_left column_parent col-lg-4 single-internal-gutter\"><div class=\"uncol style-light\"  ><div class=\"uncoltable\"><div class=\"uncell no-block-padding\" ><div class=\"uncont\" ><div class=\"uncode-single-media  text-left\"><div class=\"single-wrapper\" style=\"max-width: 100%;\"><div class=\"tmb tmb-light  img-circle tmb-img-ratio tmb-media-first tmb-media-last tmb-content-overlay tmb-no-bg\"><div class=\"t-inside\"><div class=\"t-entry-visual\"><div class=\"t-entry-visual-tc\"><div class=\"uncode-single-media-wrapper img-circle\"><div class=\"dummy\" style=\"padding-top: 100%;\"><\/div><img decoding=\"async\" class=\"wp-image-174\" src=\"https:\/\/actil.se\/wp-content\/uploads\/2024\/02\/dsc_8084-uai-685x685.jpg\" width=\"685\" height=\"685\" alt=\"\" srcset=\"https:\/\/actil.se\/wp-content\/uploads\/2024\/02\/dsc_8084-uai-685x685.jpg 685w, https:\/\/actil.se\/wp-content\/uploads\/2024\/02\/dsc_8084-150x150.jpg 150w, https:\/\/actil.se\/wp-content\/uploads\/2024\/02\/dsc_8084-348x348.jpg 348w, https:\/\/actil.se\/wp-content\/uploads\/2024\/02\/dsc_8084-300x300.jpg 300w, https:\/\/actil.se\/wp-content\/uploads\/2024\/02\/dsc_8084-100x100.jpg 100w\" sizes=\"(max-width: 685px) 100vw, 685px\" \/><\/div>\n\t\t\t\t\t<\/div>\n\t\t\t\t<\/div><\/div><\/div><\/div><\/div><\/div><\/div><\/div><\/div><\/div><script id=\"script-row-unique-0\" data-row=\"script-row-unique-0\" type=\"text\/javascript\" class=\"vc_controls\">UNCODE.initRow(document.getElementById(\"row-unique-0\"));<\/script><\/div><\/div><\/div>\n<\/div>","protected":false},"excerpt":{"rendered":"Spontanans\u00f6kanJust nu har vi inga lediga tj\u00e4nster, men du \u00e4r alltid v\u00e4lkommen att skicka in en spontanans\u00f6kan till oss. Skicka [...]","protected":false},"author":1,"featured_media":0,"parent":0,"menu_order":0,"comment_status":"closed","ping_status":"closed","template":"","meta":{"footnotes":""},"class_list":["post-437","page","type-page","status-publish","hentry"],"acf":[],"_links":{"self":[{"href":"https:\/\/actil.se\/en\/wp-json\/wp\/v2\/pages\/437","targetHints":{"allow":["GET"]}}],"collection":[{"href":"https:\/\/actil.se\/en\/wp-json\/wp\/v2\/pages"}],"about":[{"href":"https:\/\/actil.se\/en\/wp-json\/wp\/v2\/types\/page"}],"author":[{"embeddable":true,"href":"https:\/\/actil.se\/en\/wp-json\/wp\/v2\/users\/1"}],"replies":[{"embeddable":true,"href":"https:\/\/actil.se\/en\/wp-json\/wp\/v2\/comments?post=437"}],"version-history":[{"count":6,"href":"https:\/\/actil.se\/en\/wp-json\/wp\/v2\/pages\/437\/revisions"}],"predecessor-version":[{"id":506,"href":"https:\/\/actil.se\/en\/wp-json\/wp\/v2\/pages\/437\/revisions\/506"}],"wp:attachment":[{"href":"https:\/\/actil.se\/en\/wp-json\/wp\/v2\/media?parent=437"}],"curies":[{"name":"wp","href":"https:\/\/api.w.org\/{rel}","templated":true}]}}