{"id":38,"date":"2024-01-30T11:45:36","date_gmt":"2024-01-30T11:45:36","guid":{"rendered":"http:\/\/actil.hemsida.eu\/?page_id=38"},"modified":"2024-10-09T08:47:32","modified_gmt":"2024-10-09T08:47:32","slug":"startsida","status":"publish","type":"page","link":"https:\/\/actil.se\/en\/","title":{"rendered":"Front page"},"content":{"rendered":"<div class=\"wpb-content-wrapper\"><div data-parent=\"true\" class=\"vc_row vc_custom_1724826880371 row-container\" style=\"padding-top: 8% ;\" id=\"row-unique-0\"><div class=\"row-background background-element\">\n\t\t\t\t\t\t\t\t\t\t\t<div class=\"background-wrapper\">\n\t\t\t\t\t\t\t\t\t\t\t\t<div class=\"background-inner self-video uncode-video-container\" style=\"background-repeat: no-repeat;background-position: center center;background-attachment: scroll;background-size: cover;\"><div style=\"width: 640px;\" class=\"wp-video\"><video onloadeddata=\"this.play();\" loop playsinline muted aria-hidden=\"true\" role=\"presentation\" data-keepplaying class =\"background-video-shortcode\" data-ratio=\"1.7777777777778\" id=\"video-38-1\" width=\"640\" height=\"360\" preload=\"metadata\" ><source type=\"video\/mp4\" src=\"https:\/\/actil.se\/wp-content\/uploads\/2024\/08\/Actil_video_header.mp4?_=1\" \/><\/video><\/div><\/div>\n\t\t\t\t\t\t\t\t\t\t\t\t\n\t\t\t\t\t\t\t\t\t\t\t<\/div>\n\t\t\t\t\t\t\t\t\t\t<\/div><div class=\"row exa-top-padding no-bottom-padding no-h-padding full-width row-parent\"><div class=\"wpb_row row-inner\"><div class=\"wpb_column pos-top pos-center align_left column_parent col-lg-4 single-internal-gutter\"><div class=\"uncol style-light\"  ><div class=\"uncoltable\"><div class=\"uncell no-block-padding\" ><div class=\"uncont\" ><\/div><\/div><\/div><\/div><\/div><div class=\"wpb_column pos-top pos-center align_left column_parent col-lg-4 single-internal-gutter\"><div class=\"uncol style-light\"  ><div class=\"uncoltable\"><div class=\"uncell no-block-padding\" ><div class=\"uncont\" ><\/div><\/div><\/div><\/div><\/div><div class=\"wpb_column pos-top pos-center align_left column_parent col-lg-4 single-internal-gutter\"><div class=\"uncol style-light\"  ><div class=\"uncoltable\"><div class=\"uncell triple-block-padding\" ><div class=\"uncont\" ><div class=\"vc_custom_heading_wrap\"><div class=\"heading-text el-text\" ><h1 class=\"h1 text-color-xsdn-color\" ><span>Ergonomics are <span style=\"color: #c71f2a;\">economic<\/span><\/span><\/h1><\/div><div class=\"clear\"><\/div><\/div><span class=\"btn-container\" ><a role=\"button\"  href=\"https:\/\/actil.hemsida.eu\/kontakt\/\" class=\"custom-link btn border-width-0 btn-color-424933 btn-icon-left\" title=\"Contact\">Contact us<\/a><\/span><\/div><\/div><\/div><\/div><\/div><script id=\"script-row-unique-0\" data-row=\"script-row-unique-0\" type=\"text\/javascript\" class=\"vc_controls\">UNCODE.initRow(document.getElementById(\"row-unique-0\"));<\/script><\/div><\/div><\/div><div data-parent=\"true\" class=\"vc_row row-container\" id=\"row-unique-1\"><div class=\"row triple-top-padding no-bottom-padding single-h-padding limit-width row-parent\"><div class=\"wpb_row row-inner\"><div class=\"wpb_column pos-top pos-center align_center column_parent col-lg-12 single-internal-gutter\"><div class=\"uncol style-light\"  ><div class=\"uncoltable\"><div class=\"uncell no-block-padding\" ><div class=\"uncont\" ><div class=\"vc_custom_heading_wrap\"><div class=\"heading-text el-text\" ><h2 class=\"h2\" ><span>Discover <span style=\"color: #c71f2a;\">our<\/span> range<\/span><\/h2><\/div><div class=\"clear\"><\/div><\/div><\/div><\/div><\/div><\/div><\/div><script id=\"script-row-unique-1\" data-row=\"script-row-unique-1\" type=\"text\/javascript\" class=\"vc_controls\">UNCODE.initRow(document.getElementById(\"row-unique-1\"));<\/script><\/div><\/div><\/div><div data-parent=\"true\" class=\"vc_row row-container\" id=\"row-unique-2\"><div class=\"row unequal single-top-padding quad-bottom-padding single-h-padding limit-width row-parent\"><div class=\"wpb_row row-inner\"><div class=\"wpb_column pos-top pos-center align_center column_parent col-lg-4 single-internal-gutter\"><div class=\"uncol style-light\"  ><div class=\"uncoltable\"><div class=\"uncell no-block-padding\" ><div class=\"uncont\" ><div class=\"uncode-single-media  text-left\"><div class=\"single-wrapper\" style=\"max-width: 100%;\"><div class=\"tmb tmb-light  tmb-img-ratio tmb-media-first tmb-media-last tmb-content-overlay tmb-no-bg\"><div class=\"t-inside\"><div class=\"t-entry-visual\"><div class=\"t-entry-visual-tc\"><div class=\"uncode-single-media-wrapper\"><div class=\"dummy\" style=\"padding-top: 75%;\"><\/div><img decoding=\"async\" class=\"wp-image-174\" src=\"https:\/\/actil.se\/wp-content\/uploads\/2024\/02\/dsc_8084-uai-913x685.jpg\" width=\"913\" height=\"685\" alt=\"\" srcset=\"https:\/\/actil.se\/wp-content\/uploads\/2024\/02\/dsc_8084-uai-913x685.jpg 913w, https:\/\/actil.se\/wp-content\/uploads\/2024\/02\/dsc_8084-uai-720x540.jpg 720w\" sizes=\"(max-width: 913px) 100vw, 913px\" \/><\/div>\n\t\t\t\t\t<\/div>\n\t\t\t\t<\/div><\/div><\/div><\/div><\/div><div class=\"vc_custom_heading_wrap\"><div class=\"heading-text el-text\" ><h2 class=\"h2\" ><span>Stacker<\/span><\/h2><\/div><div class=\"clear\"><\/div><\/div><div class=\"uncode_text_column vc_custom_1711528576504\"  style=\"margin-top: 15px ;\"><p>Efficient stacking is a prerequisite for good warehouse management and, with our stackers, there is one for every scenario.<\/p>\n<\/div><span class=\"btn-container btn-block\" ><a role=\"button\"  href=\"https:\/\/actil.hemsida.eu\/en\/product-category\/staplare\/\" class=\"custom-link btn border-width-0 btn-color-424933 btn-block btn-icon-left\" title=\"Stacker\">Stacker<\/a><\/span><div class=\"empty-space empty-double\" ><span class=\"empty-space-inner\"><\/span><\/div>\n<\/div><\/div><\/div><\/div><\/div><div class=\"wpb_column pos-top pos-center align_center column_parent col-lg-4 single-internal-gutter\"><div class=\"uncol style-light\"  ><div class=\"uncoltable\"><div class=\"uncell no-block-padding\" ><div class=\"uncont\" ><div class=\"uncode-single-media  text-left\"><div class=\"single-wrapper\" style=\"max-width: 100%;\"><div class=\"tmb tmb-light  tmb-img-ratio tmb-media-first tmb-media-last tmb-content-overlay tmb-no-bg\"><div class=\"t-inside\"><div class=\"t-entry-visual\"><div class=\"t-entry-visual-tc\"><div class=\"uncode-single-media-wrapper\"><div class=\"dummy\" style=\"padding-top: 75%;\"><\/div><img decoding=\"async\" class=\"wp-image-359\" src=\"https:\/\/actil.se\/wp-content\/uploads\/2024\/07\/R6II9110-liten-uai-1066x800.jpg\" width=\"1066\" height=\"800\" alt=\"\" srcset=\"https:\/\/actil.se\/wp-content\/uploads\/2024\/07\/R6II9110-liten-uai-1066x800.jpg 1066w, https:\/\/actil.se\/wp-content\/uploads\/2024\/07\/R6II9110-liten-uai-720x540.jpg 720w, https:\/\/actil.se\/wp-content\/uploads\/2024\/07\/R6II9110-liten-uai-1032x774.jpg 1032w\" sizes=\"(max-width: 1066px) 100vw, 1066px\" \/><\/div>\n\t\t\t\t\t<\/div>\n\t\t\t\t<\/div><\/div><\/div><\/div><\/div><div class=\"vc_custom_heading_wrap\"><div class=\"heading-text el-text\" ><h2 class=\"h2\" ><span>Low lifters<\/span><\/h2><\/div><div class=\"clear\"><\/div><\/div><div class=\"uncode_text_column vc_custom_1711528521106\"  style=\"margin-top: 15px ;\"><p>The transport of pallets at logistics terminals is easily handled with our low lifters. Available with several different fork lengths and capacities.<\/p>\n<\/div><span class=\"btn-container btn-block\" ><a role=\"button\"  href=\"https:\/\/actil.hemsida.eu\/en\/product-category\/laglyftare\/\" class=\"custom-link btn border-width-0 btn-color-424933 btn-block btn-icon-left\" title=\"Low lifters\">Low lifters<\/a><\/span><div class=\"empty-space empty-double\" ><span class=\"empty-space-inner\"><\/span><\/div>\n<\/div><\/div><\/div><\/div><\/div><div class=\"wpb_column pos-top pos-center align_center column_parent col-lg-4 single-internal-gutter\"><div class=\"uncol style-light\"  ><div class=\"uncoltable\"><div class=\"uncell no-block-padding\" ><div class=\"uncont\" ><div class=\"uncode-single-media  text-left\"><div class=\"single-wrapper\" style=\"max-width: 100%;\"><div class=\"tmb tmb-light  tmb-img-ratio tmb-media-first tmb-media-last tmb-content-overlay tmb-no-bg\"><div class=\"t-inside\"><div class=\"t-entry-visual\"><div class=\"t-entry-visual-tc\"><div class=\"uncode-single-media-wrapper\"><div class=\"dummy\" style=\"padding-top: 75%;\"><\/div><img decoding=\"async\" class=\"wp-image-353\" src=\"https:\/\/actil.se\/wp-content\/uploads\/2024\/07\/DSC_8281-uai-1728x1296.jpg\" width=\"1728\" height=\"1296\" alt=\"\" srcset=\"https:\/\/actil.se\/wp-content\/uploads\/2024\/07\/DSC_8281-uai-1728x1296.jpg 1728w, https:\/\/actil.se\/wp-content\/uploads\/2024\/07\/DSC_8281-uai-720x540.jpg 720w, https:\/\/actil.se\/wp-content\/uploads\/2024\/07\/DSC_8281-uai-1032x774.jpg 1032w\" sizes=\"(max-width: 1728px) 100vw, 1728px\" \/><\/div>\n\t\t\t\t\t<\/div>\n\t\t\t\t<\/div><\/div><\/div><\/div><\/div><div class=\"vc_custom_heading_wrap\"><div class=\"heading-text el-text\" ><h2 class=\"h2\" ><span>Order pickers<\/span><\/h2><\/div><div class=\"clear\"><\/div><\/div><div class=\"uncode_text_column vc_custom_1711528563630\"  style=\"margin-top: 15px ;\"><p>Order pickers with low step-in height, driver lift and various fork configurations. A must have for flexible picking.<\/p>\n<\/div><span class=\"btn-container btn-block\" ><a role=\"button\"  href=\"https:\/\/actil.hemsida.eu\/en\/product-category\/plocktruckar\/\" class=\"custom-link btn border-width-0 btn-color-424933 btn-block btn-icon-left\">Order pickers<\/a><\/span><div class=\"empty-space empty-double\" ><span class=\"empty-space-inner\"><\/span><\/div>\n<\/div><\/div><\/div><\/div><\/div><script id=\"script-row-unique-2\" data-row=\"script-row-unique-2\" type=\"text\/javascript\" class=\"vc_controls\">UNCODE.initRow(document.getElementById(\"row-unique-2\"));<\/script><\/div><\/div><\/div><div data-parent=\"true\" class=\"vc_row has-bg need-focus style-color-uydo-bg row-container\" id=\"row-unique-3\"><div class=\"row no-top-padding no-bottom-padding no-h-padding full-width row-slider row-parent\"><div class=\"wpb_column pos-top pos-center align_center column_parent col-lg-12 single-internal-gutter\"><div class=\"uncol style-light\"  ><div class=\"uncoltable\"><div class=\"uncell no-block-padding\" ><div class=\"uncont\" ><\/div><\/div><\/div><\/div><\/div><script id=\"script-row-unique-3\" data-row=\"script-row-unique-3\" type=\"text\/javascript\" class=\"vc_controls\">UNCODE.initRow(document.getElementById(\"row-unique-3\"));<\/script><\/div><\/div><div data-parent=\"true\" class=\"vc_row has-bg need-focus style-color-uydo-bg row-container\" id=\"row-unique-4\"><div class=\"row limit-width row-parent\"><div class=\"wpb_row row-inner\"><div class=\"wpb_column pos-top pos-center align_center column_parent col-lg-12 single-internal-gutter\"><div class=\"uncol style-light\"  ><div class=\"uncoltable\"><div class=\"uncell no-block-padding\" ><div class=\"uncont\" ><div class=\"vc_row row-internal row-container\"><div class=\"row row-child\"><div class=\"wpb_row shift_y_neg_double row-inner\"><div class=\"wpb_column pos-top pos-center align_center column_child col-lg-6 single-internal-gutter\"><div class=\"uncol style-light\" ><div class=\"uncoltable\"><div class=\"uncell no-block-padding\" ><div class=\"uncont\" ><div class=\"uncode-single-media  text-center\"><div class=\"single-wrapper\" style=\"max-width: 65%;\"><div class=\"tmb tmb-light  tmb-media-first tmb-media-last tmb-content-overlay tmb-no-bg\"><div class=\"t-inside\"><div class=\"t-entry-visual\"><div class=\"t-entry-visual-tc\"><div class=\"uncode-single-media-wrapper\"><img decoding=\"async\" class=\"wp-image-91\" src=\"https:\/\/actil.se\/wp-content\/uploads\/2024\/02\/SW-W.png\" width=\"1000\" height=\"1000\" alt=\"\" srcset=\"https:\/\/actil.se\/wp-content\/uploads\/2024\/02\/SW-W.png 1000w, https:\/\/actil.se\/wp-content\/uploads\/2024\/02\/SW-W-300x300.png 300w, https:\/\/actil.se\/wp-content\/uploads\/2024\/02\/SW-W-150x150.png 150w, https:\/\/actil.se\/wp-content\/uploads\/2024\/02\/SW-W-768x768.png 768w, https:\/\/actil.se\/wp-content\/uploads\/2024\/02\/SW-W-350x350.png 350w, https:\/\/actil.se\/wp-content\/uploads\/2024\/02\/SW-W-348x348.png 348w, https:\/\/actil.se\/wp-content\/uploads\/2024\/02\/SW-W-600x600.png 600w, https:\/\/actil.se\/wp-content\/uploads\/2024\/02\/SW-W-100x100.png 100w, https:\/\/actil.se\/wp-content\/uploads\/2024\/02\/SW-W-uai-720x720.png 720w\" sizes=\"(max-width: 1000px) 100vw, 1000px\" \/><\/div>\n\t\t\t\t\t<\/div>\n\t\t\t\t<\/div><\/div><\/div><\/div><\/div><div class=\"vc_custom_heading_wrap\"><div class=\"heading-text el-text\" ><h2 class=\"h2\" ><span>SW \/ SW-N \/ SW-W<\/span><\/h2><\/div><div class=\"clear\"><\/div><\/div><\/div><\/div><\/div><\/div><\/div><div class=\"wpb_column pos-top pos-center align_center column_child col-lg-6 single-internal-gutter\"><div class=\"uncol style-light\" ><div class=\"uncoltable\"><div class=\"uncell no-block-padding\" ><div class=\"uncont\" ><div class=\"uncode-single-media  text-center\"><div class=\"single-wrapper\" style=\"max-width: 65%;\"><div class=\"tmb tmb-light  tmb-media-first tmb-media-last tmb-content-overlay tmb-no-bg\"><div class=\"t-inside\"><div class=\"t-entry-visual\"><div class=\"t-entry-visual-tc\"><div class=\"uncode-single-media-wrapper\"><img decoding=\"async\" class=\"wp-image-90\" src=\"https:\/\/actil.se\/wp-content\/uploads\/2024\/02\/SA-N-SA.png\" width=\"1000\" height=\"1000\" alt=\"\" srcset=\"https:\/\/actil.se\/wp-content\/uploads\/2024\/02\/SA-N-SA.png 1000w, https:\/\/actil.se\/wp-content\/uploads\/2024\/02\/SA-N-SA-300x300.png 300w, https:\/\/actil.se\/wp-content\/uploads\/2024\/02\/SA-N-SA-150x150.png 150w, https:\/\/actil.se\/wp-content\/uploads\/2024\/02\/SA-N-SA-768x768.png 768w, https:\/\/actil.se\/wp-content\/uploads\/2024\/02\/SA-N-SA-350x350.png 350w, https:\/\/actil.se\/wp-content\/uploads\/2024\/02\/SA-N-SA-348x348.png 348w, https:\/\/actil.se\/wp-content\/uploads\/2024\/02\/SA-N-SA-600x600.png 600w, https:\/\/actil.se\/wp-content\/uploads\/2024\/02\/SA-N-SA-100x100.png 100w, https:\/\/actil.se\/wp-content\/uploads\/2024\/02\/SA-N-SA-uai-720x720.png 720w\" sizes=\"(max-width: 1000px) 100vw, 1000px\" \/><\/div>\n\t\t\t\t\t<\/div>\n\t\t\t\t<\/div><\/div><\/div><\/div><\/div><div class=\"vc_custom_heading_wrap\"><div class=\"heading-text el-text\" ><h2 class=\"h2\" ><span>SA \/ SA-N<\/span><\/h2><\/div><div class=\"clear\"><\/div><\/div><\/div><\/div><\/div><\/div><\/div><\/div><\/div><\/div><div class=\"vc_custom_heading_wrap\"><div class=\"heading-text el-text\" ><h3 class=\"h1\" ><span>Developed for maximum <span style=\"color: #c71f2a;\">performance<\/span> and <span style=\"color: #c71f2a;\">driver safety<\/span>.<\/span><\/h3><\/div><div class=\"clear\"><\/div><\/div><div class=\"uncode_text_column vc_custom_1711525519620 text-lead\"  style=\"margin-top: 15px ;\"><p>Built to deliver the best overall economy with extensive driving \u2013 long hours, day after day, year after year.<\/p>\n<\/div><span class=\"btn-container\" ><a role=\"button\"  href=\"https:\/\/actil.hemsida.eu\/sortiment\/\" class=\"custom-link btn btn-xl border-width-0 btn-color-424933 btn-icon-left\" title=\"Shop\">For the entire range<\/a><\/span><\/div><\/div><\/div><\/div><\/div><script id=\"script-row-unique-4\" data-row=\"script-row-unique-4\" type=\"text\/javascript\" class=\"vc_controls\">UNCODE.initRow(document.getElementById(\"row-unique-4\"));<\/script><\/div><\/div><\/div><div data-parent=\"true\" class=\"vc_row has-bg need-focus style-color-lxmt-bg row-container\" id=\"row-unique-5\"><div class=\"row triple-top-padding triple-bottom-padding single-h-padding limit-width row-parent\"><div class=\"wpb_row row-inner\"><div class=\"wpb_column pos-middle pos-center align_left column_parent col-lg-6 single-internal-gutter\"><div class=\"uncol style-light\"  ><div class=\"uncoltable\"><div class=\"uncell double-block-padding\" ><div class=\"uncont\" ><div class=\"vc_custom_heading_wrap\"><div class=\"heading-text el-text\" ><h2 class=\"h1\" ><span>The environment is <span style=\"color: #c71f2a;\">important<\/span> to us<\/span><\/h2><\/div><div class=\"clear\"><\/div><\/div><div class=\"uncode_text_column vc_custom_1706615875628\"  style=\"margin-top: 10px ;\"><p>Environmental work with us is of course both about smart material choices for our warehouse trucks, but also that our entire organization must have a consistent environmental approach. The latest step in this investment is to ensure that our properties are powered by renewable energy.<\/p>\n<\/div><span class=\"btn-container\" ><a role=\"button\"  href=\"https:\/\/actil.hemsida.eu\/om-actil\/\" class=\"custom-link btn border-width-0 btn-color-424933 btn-icon-left\" title=\"About Actil\">Read more<\/a><\/span><\/div><\/div><\/div><\/div><\/div><div class=\"wpb_column pos-top pos-center align_left column_parent col-lg-6 single-internal-gutter\"><div class=\"uncol style-light\"  ><div class=\"uncoltable\"><div class=\"uncell no-block-padding\" ><div class=\"uncont\" ><div class=\"uncode-single-media  text-left\"><div class=\"single-wrapper\" style=\"max-width: 100%;\"><div class=\"tmb tmb-light  tmb-img-ratio tmb-media-first tmb-media-last tmb-content-overlay tmb-no-bg\"><div class=\"t-inside\"><div class=\"t-entry-visual\"><div class=\"t-entry-visual-tc\"><div class=\"uncode-single-media-wrapper\"><div class=\"dummy\" style=\"padding-top: 100%;\"><\/div><img decoding=\"async\" class=\"wp-image-170\" src=\"https:\/\/actil.se\/wp-content\/uploads\/2024\/02\/miljo-uai-1469x1469.webp\" width=\"1469\" height=\"1469\" alt=\"\" srcset=\"https:\/\/actil.se\/wp-content\/uploads\/2024\/02\/miljo-uai-1469x1469.webp 1469w, https:\/\/actil.se\/wp-content\/uploads\/2024\/02\/miljo-150x150.webp 150w, https:\/\/actil.se\/wp-content\/uploads\/2024\/02\/miljo-348x348.webp 348w, https:\/\/actil.se\/wp-content\/uploads\/2024\/02\/miljo-300x300.webp 300w, https:\/\/actil.se\/wp-content\/uploads\/2024\/02\/miljo-100x100.webp 100w, https:\/\/actil.se\/wp-content\/uploads\/2024\/02\/miljo-uai-720x720.webp 720w, https:\/\/actil.se\/wp-content\/uploads\/2024\/02\/miljo-uai-1032x1032.webp 1032w\" sizes=\"(max-width: 1469px) 100vw, 1469px\" \/><\/div>\n\t\t\t\t\t<\/div>\n\t\t\t\t<\/div><\/div><\/div><\/div><\/div><\/div><\/div><\/div><\/div><\/div><script id=\"script-row-unique-5\" data-row=\"script-row-unique-5\" type=\"text\/javascript\" class=\"vc_controls\">UNCODE.initRow(document.getElementById(\"row-unique-5\"));<\/script><\/div><\/div><\/div><div data-parent=\"true\" class=\"vc_row inverted-device-order has-bg need-focus style-color-xsdn-bg row-container\" id=\"row-unique-6\"><div class=\"row triple-top-padding triple-bottom-padding single-h-padding limit-width row-parent\"><div class=\"wpb_row row-inner\"><div class=\"wpb_column pos-top pos-center align_left column_parent col-lg-6 single-internal-gutter\"><div class=\"uncol style-light\"  ><div class=\"uncoltable\"><div class=\"uncell no-block-padding\" ><div class=\"uncont\" ><div class=\"uncode-single-media  text-left\"><div class=\"single-wrapper\" style=\"max-width: 100%;\"><div class=\"tmb tmb-light  tmb-img-ratio tmb-media-first tmb-media-last tmb-content-overlay tmb-no-bg\"><div class=\"t-inside\"><div class=\"t-entry-visual\"><div class=\"t-entry-visual-tc\"><div class=\"uncode-single-media-wrapper\"><div class=\"dummy\" style=\"padding-top: 100%;\"><\/div><img decoding=\"async\" class=\"wp-image-162\" src=\"https:\/\/actil.se\/wp-content\/uploads\/2024\/02\/Actil-i-europa-uai-2144x2144.png\" width=\"2144\" height=\"2144\" alt=\"\" srcset=\"https:\/\/actil.se\/wp-content\/uploads\/2024\/02\/Actil-i-europa-uai-2144x2144.png 2144w, https:\/\/actil.se\/wp-content\/uploads\/2024\/02\/Actil-i-europa-150x150.png 150w, https:\/\/actil.se\/wp-content\/uploads\/2024\/02\/Actil-i-europa-348x348.png 348w, https:\/\/actil.se\/wp-content\/uploads\/2024\/02\/Actil-i-europa-300x300.png 300w, https:\/\/actil.se\/wp-content\/uploads\/2024\/02\/Actil-i-europa-100x100.png 100w, https:\/\/actil.se\/wp-content\/uploads\/2024\/02\/Actil-i-europa-uai-720x720.png 720w, https:\/\/actil.se\/wp-content\/uploads\/2024\/02\/Actil-i-europa-uai-1032x1032.png 1032w\" sizes=\"(max-width: 2144px) 100vw, 2144px\" \/><\/div>\n\t\t\t\t\t<\/div>\n\t\t\t\t<\/div><\/div><\/div><\/div><\/div><\/div><\/div><\/div><\/div><\/div><div class=\"wpb_column pos-middle pos-center align_left column_parent col-lg-6 single-internal-gutter\"><div class=\"uncol style-light\"  ><div class=\"uncoltable\"><div class=\"uncell double-block-padding\" ><div class=\"uncont\" ><div class=\"vc_custom_heading_wrap\"><div class=\"heading-text el-text\" ><h2 class=\"h1\" ><span>We deliver <span style=\"color: #c71f2a;\">all over<\/span> europe<\/span><\/h2><\/div><div class=\"clear\"><\/div><\/div><div class=\"uncode_text_column vc_custom_1706616318962\"  style=\"margin-top: 10px ;\"><p>We supply customers with warehouse trucks all over Europe and also to other parts of the world. Contact us for the nearest dealer or order information about our products.<\/p>\n<\/div><span class=\"btn-container\" ><a role=\"button\"  href=\"https:\/\/actil.hemsida.eu\/kontakt\/\" class=\"custom-link btn border-width-0 btn-color-424933 btn-icon-left\" title=\"Contact\">Contact us<\/a><\/span><\/div><\/div><\/div><\/div><\/div><script id=\"script-row-unique-6\" data-row=\"script-row-unique-6\" type=\"text\/javascript\" class=\"vc_controls\">UNCODE.initRow(document.getElementById(\"row-unique-6\"));<\/script><\/div><\/div><\/div>\n<\/div>","protected":false},"excerpt":{"rendered":"Ergonomi \u00e4r ekonomiKontakta ossUppt\u00e4ck v\u00e5rt sortiment StaplareEffektiv stapling \u00e4r en f\u00f6ruts\u00e4ttning f\u00f6r god lagerhantering och med v\u00e5ra staplare finns en [...]","protected":false},"author":1,"featured_media":0,"parent":0,"menu_order":0,"comment_status":"closed","ping_status":"closed","template":"","meta":{"footnotes":""},"class_list":["post-38","page","type-page","status-publish","hentry"],"acf":[],"_links":{"self":[{"href":"https:\/\/actil.se\/en\/wp-json\/wp\/v2\/pages\/38","targetHints":{"allow":["GET"]}}],"collection":[{"href":"https:\/\/actil.se\/en\/wp-json\/wp\/v2\/pages"}],"about":[{"href":"https:\/\/actil.se\/en\/wp-json\/wp\/v2\/types\/page"}],"author":[{"embeddable":true,"href":"https:\/\/actil.se\/en\/wp-json\/wp\/v2\/users\/1"}],"replies":[{"embeddable":true,"href":"https:\/\/actil.se\/en\/wp-json\/wp\/v2\/comments?post=38"}],"version-history":[{"count":58,"href":"https:\/\/actil.se\/en\/wp-json\/wp\/v2\/pages\/38\/revisions"}],"predecessor-version":[{"id":427,"href":"https:\/\/actil.se\/en\/wp-json\/wp\/v2\/pages\/38\/revisions\/427"}],"wp:attachment":[{"href":"https:\/\/actil.se\/en\/wp-json\/wp\/v2\/media?parent=38"}],"curies":[{"name":"wp","href":"https:\/\/api.w.org\/{rel}","templated":true}]}}