{"id":313,"date":"2024-03-27T12:39:45","date_gmt":"2024-03-27T12:39:45","guid":{"rendered":"https:\/\/actil.se\/?page_id=313"},"modified":"2024-03-27T12:51:51","modified_gmt":"2024-03-27T12:51:51","slug":"cookiepolicy","status":"publish","type":"page","link":"https:\/\/actil.se\/en\/cookiepolicy\/","title":{"rendered":"Cookie Policy"},"content":{"rendered":"<div class=\"wpb-content-wrapper\"><div data-parent=\"true\" class=\"vc_row row-container\" id=\"row-unique-0\"><div class=\"row double-top-padding double-bottom-padding single-h-padding limit-width row-parent\"><div class=\"wpb_row row-inner\"><div class=\"wpb_column pos-top pos-center align_left column_parent col-lg-12 single-internal-gutter\"><div class=\"uncol style-light\"  ><div class=\"uncoltable\"><div class=\"uncell no-block-padding\" ><div class=\"uncont\" ><div class=\"vc_custom_heading_wrap\"><div class=\"heading-text el-text\" ><h2 class=\"h2\" ><span>Cookie Policy<\/span><\/h2><\/div><div class=\"clear\"><\/div><\/div><div class=\"uncode_text_column vc_custom_1711543449704\"  style=\"margin-top: 15px ;\"><p>This policy applies to the use of cookies on actil.se<\/p>\n<p><strong>What is a cookie?<br \/>\n<\/strong>A cookie is a small text file that is stored on your computer or mobile device when you visit a website, and which can later be retrieved from your computer by the website. Cookies are partly used to facilitate the use of a website by e.g. remember your choice and settings and partly to develop the website and analyze your behaviour. Some functions do not work without cookies.<\/p>\n<p><strong>How do we use cookies?<br \/>\n<\/strong>On our websites we use cookies to improve your experience, to collect information for our marketing and to be able to develop the website.<\/p>\n<p><em>User experience<\/em><br \/>\nWe use cookies to remember what you have written in e.g. form so that you can navigate the website without having to re-enter this information each time you change pages. We use cookies to optimize the speed of the website.<\/p>\n<p><em>Marketing<\/em><br \/>\nWe do not use cookies for direct marketing on the website. However, third-party cookies are used for targeted advertising. Such cookies can e.g. be used to select target audience-directed advertising or otherwise tailor the pages you see through advertising and customized content, so-called personation.<\/p>\n<p><em>Web development<\/em><br \/>\nWe use cookies to compile anonymous, aggregated statistics that enable us to understand how visitors use our website and help us improve our website structure and content.<\/p>\n<p><strong>What types of cookies do we use?<br \/>\n<\/strong><em>Session cookies<\/em><br \/>\nIn order for certain functions on connysskog.se, for example that the right web pages are displayed to the right person, the website uses so-called \"session cookies\". When you visit our website, our web servers provide your computer with a unique ID number for that unique visit. These cookies have no expiry date and are instead stored temporarily in the computer's memory until the browser is closed. Thanks to this cookie, you do not have to fill in all the information again.<\/p>\n<p><em>Persistent cookies<\/em><br \/>\nEn persistent cookie har en angiven varaktighet, eller livstid, som avg\u00f6r hur l\u00e4nge den lagras p\u00e5 din dator eller mobila enhet. S\u00e5dana cookies lagras tills livstiden g\u00e5r ut eller tills du sj\u00e4lv tar bort dem manuellt.<\/p>\n<p><em>Tredjepartscookies<\/em><br \/>\nEn tredjepartscookie \u00e4r en cookie som placeras p\u00e5 din enhet f\u00f6r v\u00e5r r\u00e4kning av n\u00e5gon annan \u00e4n oss. Detta f\u00f6rekommer n\u00e4r vi har leverant\u00f6rer som utf\u00f6r tj\u00e4nster \u00e5t oss, som t.ex. vissa analystj\u00e4nster eller tj\u00e4nster som l\u00e5ter dig dela v\u00e5ra sidor i sociala medier.<\/p>\n<p><strong>Du kan st\u00e4lla in hanteringen av cookies i din webbl\u00e4sare<br \/>\n<\/strong>Du har m\u00f6jlighet att hindra att cookies lagras i din dator och kan n\u00e4r som helst \u00e4ndra inst\u00e4llningarna i din webbl\u00e4sare. Du kan d\u00e5 v\u00e4lja att blockera samtliga cookies eller enbart vissa cookies. Du kan ocks\u00e5 n\u00e4r som helst radera s\u00e5dana persistent cookies som har lagrats p\u00e5 din enhet. Om du v\u00e4ljer att inte till\u00e5ta anv\u00e4ndning av cookies fr\u00e5n connysskog.se s\u00e5 \u00e4r webbplatsen byggd s\u00e5 att den ska fungera korrekt i alla avseenden \u00e4nd\u00e5.<\/p>\n<p>H\u00e4r hittar du en guide \u00f6ver hur du tar bort cookies i n\u00e5gra av de vanliga webbl\u00e4sarna:<\/p>\n<p><a href=\"https:\/\/support.google.com\/chrome\/answer\/95647?co=GENIE.Platform%3DDesktop&amp;hl=sv\">Google Chrome<\/a><br \/>\n<a href=\"https:\/\/support.mozilla.org\/sv\/kb\/ta-bort-kakor-informationen-webbplatser-lagrat\">Firefox<\/a><br \/>\n<a href=\"https:\/\/support.apple.com\/sv-se\/HT201265\">Safari<\/a><br \/>\n<a href=\"https:\/\/support.microsoft.com\/sv-se\/help\/17442\/windows-internet-explorer-delete-manage-cookies\">Internet Explorer \/ Edge<\/a><br \/>\n<a href=\"http:\/\/help.opera.com\/Windows\/9.00\/sv\/cookies.html\">Opera<\/a><\/p>\n<p><strong>Hanteras personuppgifter i cookies?<br \/>\n<\/strong>Det kan f\u00f6rekomma att vi samlar in och hanterar vissa personuppgifter med hj\u00e4lp av cookies. F\u00f6r denna hantering g\u00e4ller v\u00e5r personuppgiftspolicy.<\/p>\n<p><strong>Cookiedeklaration:<br \/>\n<\/strong>Senast uppdaterad: 27e Mars, 2024.<\/p>\n<p><strong>Kontaktinformation<br \/>\n<\/strong>Actil Warehouse Trucks AB<br \/>\nFlemma Muggebo 2<br \/>\n585 78, Vreta Kloster<\/p>\n<\/div><\/div><\/div><\/div><\/div><\/div><script id=\"script-row-unique-0\" data-row=\"script-row-unique-0\" type=\"text\/javascript\" class=\"vc_controls\">UNCODE.initRow(document.getElementById(\"row-unique-0\"));<\/script><\/div><\/div><\/div>\n<\/div>","protected":false},"excerpt":{"rendered":"CookiepolicyDenna policy g\u00e4ller f\u00f6r anv\u00e4ndning av cookies p\u00e5 actil.se Vad \u00e4r en cookie? En cookie, eller kaka, \u00e4r en liten [...]","protected":false},"author":1,"featured_media":0,"parent":0,"menu_order":0,"comment_status":"closed","ping_status":"closed","template":"","meta":{"footnotes":""},"class_list":["post-313","page","type-page","status-publish","hentry"],"acf":[],"_links":{"self":[{"href":"https:\/\/actil.se\/en\/wp-json\/wp\/v2\/pages\/313","targetHints":{"allow":["GET"]}}],"collection":[{"href":"https:\/\/actil.se\/en\/wp-json\/wp\/v2\/pages"}],"about":[{"href":"https:\/\/actil.se\/en\/wp-json\/wp\/v2\/types\/page"}],"author":[{"embeddable":true,"href":"https:\/\/actil.se\/en\/wp-json\/wp\/v2\/users\/1"}],"replies":[{"embeddable":true,"href":"https:\/\/actil.se\/en\/wp-json\/wp\/v2\/comments?post=313"}],"version-history":[{"count":2,"href":"https:\/\/actil.se\/en\/wp-json\/wp\/v2\/pages\/313\/revisions"}],"predecessor-version":[{"id":315,"href":"https:\/\/actil.se\/en\/wp-json\/wp\/v2\/pages\/313\/revisions\/315"}],"wp:attachment":[{"href":"https:\/\/actil.se\/en\/wp-json\/wp\/v2\/media?parent=313"}],"curies":[{"name":"wp","href":"https:\/\/api.w.org\/{rel}","templated":true}]}}