{"id":158,"date":"2024-02-07T11:46:45","date_gmt":"2024-02-07T11:46:45","guid":{"rendered":"https:\/\/actil.se\/?page_id=158"},"modified":"2024-07-02T13:19:24","modified_gmt":"2024-07-02T13:19:24","slug":"forsaljning","status":"publish","type":"page","link":"https:\/\/actil.se\/en\/forsaljning\/","title":{"rendered":"Sales"},"content":{"rendered":"<div class=\"wpb-content-wrapper\"><div data-parent=\"true\" class=\"vc_row has-bg need-focus style-color-lxmt-bg row-container\" id=\"row-unique-0\"><div class=\"row triple-top-padding triple-bottom-padding single-h-padding limit-width row-parent\"><div class=\"wpb_row row-inner\"><div class=\"wpb_column pos-middle pos-center align_left column_parent col-lg-6 single-internal-gutter\"><div class=\"uncol style-light\"  ><div class=\"uncoltable\"><div class=\"uncell double-block-padding\" ><div class=\"uncont\" ><div class=\"vc_custom_heading_wrap\"><div class=\"heading-text el-text\" ><h2 class=\"h2\" ><span>Look att the <span style=\"color: #c71f2a;\">overall economy<\/span> when you choose an warehouse truck<\/span><\/h2><\/div><div class=\"clear\"><\/div><\/div><div class=\"uncode_text_column vc_custom_1707307102652\"  style=\"margin-top: 10px ;\"><p>Most people stare blindly at the purchase price when they want to buy an warehouse truck. The most important thing for a good deal is long durability with low maintenance costs over the entire service life of the warehouse truck. We offer it.<\/p>\n<p>\u200bWe have a wide range of models and our strength is that we adapt the warehouse trucks completely to your wishes.<\/p>\n<p>There is a great need for relatively simple robust products around the world. Actil Warehouse Truck's position on the international market is strengthened with each passing year and exports are steadily increasing. We currently have many dealers in around 25 countries.<\/p>\n<\/div><\/div><\/div><\/div><\/div><\/div><div class=\"wpb_column pos-top pos-center align_left column_parent col-lg-6 single-internal-gutter\"><div class=\"uncol style-light\"  ><div class=\"uncoltable\"><div class=\"uncell no-block-padding\" ><div class=\"uncont\" ><div class=\"uncode-single-media  text-left\"><div class=\"single-wrapper\" style=\"max-width: 100%;\"><div class=\"tmb tmb-light  tmb-img-ratio tmb-media-first tmb-media-last tmb-content-overlay tmb-no-bg\"><div class=\"t-inside\"><div class=\"t-entry-visual\"><div class=\"t-entry-visual-tc\"><div class=\"uncode-single-media-wrapper\"><div class=\"dummy\" style=\"padding-top: 100%;\"><\/div><img decoding=\"async\" class=\"wp-image-162\" src=\"https:\/\/actil.se\/wp-content\/uploads\/2024\/02\/Actil-i-europa-uai-2144x2144.png\" width=\"2144\" height=\"2144\" alt=\"\" srcset=\"https:\/\/actil.se\/wp-content\/uploads\/2024\/02\/Actil-i-europa-uai-2144x2144.png 2144w, https:\/\/actil.se\/wp-content\/uploads\/2024\/02\/Actil-i-europa-150x150.png 150w, https:\/\/actil.se\/wp-content\/uploads\/2024\/02\/Actil-i-europa-348x348.png 348w, https:\/\/actil.se\/wp-content\/uploads\/2024\/02\/Actil-i-europa-300x300.png 300w, https:\/\/actil.se\/wp-content\/uploads\/2024\/02\/Actil-i-europa-100x100.png 100w, https:\/\/actil.se\/wp-content\/uploads\/2024\/02\/Actil-i-europa-uai-720x720.png 720w, https:\/\/actil.se\/wp-content\/uploads\/2024\/02\/Actil-i-europa-uai-1032x1032.png 1032w\" sizes=\"(max-width: 2144px) 100vw, 2144px\" \/><\/div>\n\t\t\t\t\t<\/div>\n\t\t\t\t<\/div><\/div><\/div><\/div><\/div><\/div><\/div><\/div><\/div><\/div><script id=\"script-row-unique-0\" data-row=\"script-row-unique-0\" type=\"text\/javascript\" class=\"vc_controls\">UNCODE.initRow(document.getElementById(\"row-unique-0\"));<\/script><\/div><\/div><\/div><div data-parent=\"true\" class=\"vc_row inverted-device-order has-bg need-focus style-color-xsdn-bg row-container\" id=\"row-unique-1\"><div class=\"row triple-top-padding triple-bottom-padding single-h-padding limit-width row-parent\"><div class=\"wpb_row row-inner\"><div class=\"wpb_column pos-top pos-center align_left column_parent col-lg-6 single-internal-gutter\"><div class=\"uncol style-light\"  ><div class=\"uncoltable\"><div class=\"uncell no-block-padding\" ><div class=\"uncont\" ><div class=\"uncode-single-media  text-left\"><div class=\"single-wrapper\" style=\"max-width: 100%;\"><div class=\"tmb tmb-light  tmb-img-ratio tmb-media-first tmb-media-last tmb-content-overlay tmb-no-bg\"><div class=\"t-inside\"><div class=\"t-entry-visual\"><div class=\"t-entry-visual-tc\"><div class=\"uncode-single-media-wrapper\"><div class=\"dummy\" style=\"padding-top: 100%;\"><\/div><img decoding=\"async\" class=\"wp-image-212\" src=\"https:\/\/actil.se\/wp-content\/uploads\/2024\/03\/Truckdisplay-uai-1280x1280.webp\" width=\"1280\" height=\"1280\" alt=\"\" srcset=\"https:\/\/actil.se\/wp-content\/uploads\/2024\/03\/Truckdisplay-uai-1280x1280.webp 1280w, https:\/\/actil.se\/wp-content\/uploads\/2024\/03\/Truckdisplay-150x150.webp 150w, https:\/\/actil.se\/wp-content\/uploads\/2024\/03\/Truckdisplay-348x348.webp 348w, https:\/\/actil.se\/wp-content\/uploads\/2024\/03\/Truckdisplay-300x300.webp 300w, https:\/\/actil.se\/wp-content\/uploads\/2024\/03\/Truckdisplay-100x100.webp 100w, https:\/\/actil.se\/wp-content\/uploads\/2024\/03\/Truckdisplay-uai-720x720.webp 720w, https:\/\/actil.se\/wp-content\/uploads\/2024\/03\/Truckdisplay-uai-1032x1032.webp 1032w\" sizes=\"(max-width: 1280px) 100vw, 1280px\" \/><\/div>\n\t\t\t\t\t<\/div>\n\t\t\t\t<\/div><\/div><\/div><\/div><\/div><\/div><\/div><\/div><\/div><\/div><div class=\"wpb_column pos-middle pos-center align_left column_parent col-lg-6 single-internal-gutter\"><div class=\"uncol style-light\"  ><div class=\"uncoltable\"><div class=\"uncell double-block-padding\" ><div class=\"uncont\" ><div class=\"vc_custom_heading_wrap\"><div class=\"heading-text el-text\" ><h2 class=\"h1\" ><span>Choose <span style=\"color: #c71f2a;\">the right stacker<\/span> for your needs<\/span><\/h2><\/div><div class=\"clear\"><\/div><\/div><div class=\"uncode_text_column vc_custom_1719926276172\"  style=\"margin-top: 10px ;\"><p>I v\u00e5rt sortiment av truckar finns ett tiotal basmodeller, med allt fr\u00e5n st\u00e5staplare till plocktruckar. Samtliga truckar \u00e4r konstruerade f\u00f6r att klara tuffa milj\u00f6er och kontinuerlig drift. En del av produktionen \u00e4r \u00e4ven inriktad p\u00e5 konstruktion av specialtruckar utifr\u00e5n kundernas \u00f6nskem\u00e5l. Se \u00f6ver v\u00e5rt sortiment och kontakta oss, s\u00e5 v\u00e4gleder vi dig till r\u00e4tt l\u00f6sning.<\/p>\n<\/div><\/div><\/div><\/div><\/div><\/div><script id=\"script-row-unique-1\" data-row=\"script-row-unique-1\" type=\"text\/javascript\" class=\"vc_controls\">UNCODE.initRow(document.getElementById(\"row-unique-1\"));<\/script><\/div><\/div><\/div><div data-parent=\"true\" class=\"vc_row has-bg need-focus style-color-xsdn-bg row-container\" id=\"row-unique-2\"><div class=\"row unequal triple-top-padding triple-bottom-padding single-h-padding limit-width row-parent\"><div class=\"wpb_row row-inner\"><div class=\"wpb_column pos-middle pos-center align_left column_parent col-lg-6 single-internal-gutter\"><div class=\"uncol style-light\"  ><div class=\"uncoltable\"><div class=\"uncell double-block-padding\" ><div class=\"uncont\" ><div class=\"vc_custom_heading_wrap\"><div class=\"heading-text el-text\" ><h2 class=\"h1\" ><span>Spares\/Service<\/span><\/h2><\/div><div class=\"clear\"><\/div><\/div><div class=\"uncode_text_column vc_custom_1707313601300\"  style=\"margin-top: 10px ;\"><p>Effective spare parts distribution for ongoing maintenance and replacement when something has broken is perhaps the most important function for the lifespan and safety of the warehouse truck. The order is dispatched as soon as it is received and the customer usually has the goods the next day.<\/p>\n<\/div><\/div><\/div><\/div><\/div><\/div><div class=\"wpb_column pos-middle pos-center align_left column_parent col-lg-6 single-internal-gutter\"><div class=\"uncol style-light\"  ><div class=\"uncoltable\"><div class=\"uncell no-block-padding\" ><div class=\"uncont\" ><div class=\"uncode-single-media  text-left\"><div class=\"single-wrapper\" style=\"max-width: 100%;\"><div class=\"tmb tmb-light  tmb-img-ratio tmb-media-first tmb-media-last tmb-content-overlay tmb-no-bg\"><div class=\"t-inside\"><div class=\"t-entry-visual\"><div class=\"t-entry-visual-tc\"><div class=\"uncode-single-media-wrapper\"><div class=\"dummy\" style=\"padding-top: 100%;\"><\/div><img decoding=\"async\" class=\"wp-image-213\" src=\"https:\/\/actil.se\/wp-content\/uploads\/2024\/03\/Spareparts-uai-1280x1280.webp\" width=\"1280\" height=\"1280\" alt=\"\" srcset=\"https:\/\/actil.se\/wp-content\/uploads\/2024\/03\/Spareparts-uai-1280x1280.webp 1280w, https:\/\/actil.se\/wp-content\/uploads\/2024\/03\/Spareparts-150x150.webp 150w, https:\/\/actil.se\/wp-content\/uploads\/2024\/03\/Spareparts-348x348.webp 348w, https:\/\/actil.se\/wp-content\/uploads\/2024\/03\/Spareparts-300x300.webp 300w, https:\/\/actil.se\/wp-content\/uploads\/2024\/03\/Spareparts-100x100.webp 100w, https:\/\/actil.se\/wp-content\/uploads\/2024\/03\/Spareparts-uai-720x720.webp 720w, https:\/\/actil.se\/wp-content\/uploads\/2024\/03\/Spareparts-uai-1032x1032.webp 1032w\" sizes=\"(max-width: 1280px) 100vw, 1280px\" \/><\/div>\n\t\t\t\t\t<\/div>\n\t\t\t\t<\/div><\/div><\/div><\/div><\/div><\/div><\/div><\/div><\/div><\/div><script id=\"script-row-unique-2\" data-row=\"script-row-unique-2\" type=\"text\/javascript\" class=\"vc_controls\">UNCODE.initRow(document.getElementById(\"row-unique-2\"));<\/script><\/div><\/div><\/div>\n<\/div>","protected":false},"excerpt":{"rendered":"Se till totalekonomin n\u00e4r ni v\u00e4ljer truckDe flesta stirrar sig blinda p\u00e5 ink\u00f6pspriset n\u00e4r de ska k\u00f6pa truck. Det viktigaste [...]","protected":false},"author":1,"featured_media":0,"parent":0,"menu_order":0,"comment_status":"closed","ping_status":"closed","template":"","meta":{"footnotes":""},"class_list":["post-158","page","type-page","status-publish","hentry"],"acf":[],"_links":{"self":[{"href":"https:\/\/actil.se\/en\/wp-json\/wp\/v2\/pages\/158","targetHints":{"allow":["GET"]}}],"collection":[{"href":"https:\/\/actil.se\/en\/wp-json\/wp\/v2\/pages"}],"about":[{"href":"https:\/\/actil.se\/en\/wp-json\/wp\/v2\/types\/page"}],"author":[{"embeddable":true,"href":"https:\/\/actil.se\/en\/wp-json\/wp\/v2\/users\/1"}],"replies":[{"embeddable":true,"href":"https:\/\/actil.se\/en\/wp-json\/wp\/v2\/comments?post=158"}],"version-history":[{"count":10,"href":"https:\/\/actil.se\/en\/wp-json\/wp\/v2\/pages\/158\/revisions"}],"predecessor-version":[{"id":345,"href":"https:\/\/actil.se\/en\/wp-json\/wp\/v2\/pages\/158\/revisions\/345"}],"wp:attachment":[{"href":"https:\/\/actil.se\/en\/wp-json\/wp\/v2\/media?parent=158"}],"curies":[{"name":"wp","href":"https:\/\/api.w.org\/{rel}","templated":true}]}}